
{"id":29270,"date":"2023-02-14T07:42:24","date_gmt":"2023-02-14T10:10:23","guid":{"rendered":"https:\/\/www.triangleeditorial.com\/producto\/el-primer-gaudi\/"},"modified":"2024-02-23T21:17:16","modified_gmt":"2024-02-23T19:17:16","slug":"el-primer-gaudi","status":"publish","type":"product","link":"https:\/\/triangle.cat\/fr\/producto\/el-primer-gaudi\/","title":{"rendered":"El primer Gaud\u00ed"},"content":{"rendered":"","protected":false},"excerpt":{"rendered":"<p>Toute trajectoire professionnelle a un commencement. Celle d\u2019Antoni Gaud\u00ed, g\u00e9nie de l\u2019architecture universelle aussi. Dans El primer Gaud\u00ed. La nau de Matar\u00f3, Daniel Giralt-Miracle, un des plus grands connaisseurs de l\u2019\u0153uvre de l\u2019architecte nous d\u00e9voile les clefs tant historiques qu\u2019architectoniques du premier \u00e9difice de Gaud\u00ed. Un b\u00e2timent qui apr\u00e8s \u00eatre tomb\u00e9 dans l\u2019oubli, brille aujourd\u2019hui de toute sa splendeur gr\u00e2ce \u00e0 une restauration int\u00e9grale soign\u00e9e.<\/p>\n","protected":false},"featured_media":16518,"comment_status":"closed","ping_status":"closed","template":"","meta":{"_acf_changed":false,"_monsterinsights_skip_tracking":false,"_monsterinsights_sitenote_active":false,"_monsterinsights_sitenote_note":"","_monsterinsights_sitenote_category":0},"product_brand":[],"product_cat":[1557],"product_tag":[1031,961,1000],"class_list":{"0":"post-29270","1":"product","2":"type-product","3":"status-publish","4":"has-post-thumbnail","6":"product_cat-antoni-gaudi-fr","7":"product_tag-anglais-fr","8":"product_tag-catalan-fr","9":"product_tag-espagnol-fr","10":"pa_idioma-multilingue-catala-espanol-english-fr","12":"first","13":"instock","14":"taxable","15":"shipping-taxable","16":"purchasable","17":"product-type-variable","18":"has-default-attributes"},"acf":[],"_links":{"self":[{"href":"https:\/\/triangle.cat\/fr\/wp-json\/wp\/v2\/product\/29270","targetHints":{"allow":["GET"]}}],"collection":[{"href":"https:\/\/triangle.cat\/fr\/wp-json\/wp\/v2\/product"}],"about":[{"href":"https:\/\/triangle.cat\/fr\/wp-json\/wp\/v2\/types\/product"}],"replies":[{"embeddable":true,"href":"https:\/\/triangle.cat\/fr\/wp-json\/wp\/v2\/comments?post=29270"}],"wp:featuredmedia":[{"embeddable":true,"href":"https:\/\/triangle.cat\/fr\/wp-json\/wp\/v2\/media\/16518"}],"wp:attachment":[{"href":"https:\/\/triangle.cat\/fr\/wp-json\/wp\/v2\/media?parent=29270"}],"wp:term":[{"taxonomy":"product_brand","embeddable":true,"href":"https:\/\/triangle.cat\/fr\/wp-json\/wp\/v2\/product_brand?post=29270"},{"taxonomy":"product_cat","embeddable":true,"href":"https:\/\/triangle.cat\/fr\/wp-json\/wp\/v2\/product_cat?post=29270"},{"taxonomy":"product_tag","embeddable":true,"href":"https:\/\/triangle.cat\/fr\/wp-json\/wp\/v2\/product_tag?post=29270"}],"curies":[{"name":"wp","href":"https:\/\/api.w.org\/{rel}","templated":true}]}}