
{"id":29265,"date":"2023-02-14T07:41:52","date_gmt":"2023-02-14T10:09:37","guid":{"rendered":"https:\/\/www.triangleeditorial.com\/producto\/natura-mallorca\/"},"modified":"2023-03-06T11:25:37","modified_gmt":"2023-03-06T11:25:37","slug":"natura-mallorca","status":"publish","type":"product","link":"https:\/\/triangle.cat\/fr\/producto\/natura-mallorca\/","title":{"rendered":"Natura Mallorca"},"content":{"rendered":"","protected":false},"excerpt":{"rendered":"<p>La v\u00e9g\u00e9tation et la faune de l\u2019\u00eele de Majorque sont riches et vari\u00e9es. Son environnement biologique h\u00e9berge une grande quantit\u00e9 d\u2019oiseaux migratoires et d\u2019esp\u00e8ces autochtones. Les espaces prot\u00e9g\u00e9s de la p\u00e9ninsule de Llevant, les marines de Migjorn et de S\u2019Albufera, et la Serra de Tramuntana vous montrent les oiseaux, les reptiles, les insectes et les esp\u00e8ces botaniques qui lui donnent toute sa couleur et sa vie.<\/p>\n","protected":false},"featured_media":9090,"comment_status":"closed","ping_status":"closed","template":"","meta":{"_acf_changed":false,"_monsterinsights_skip_tracking":false,"_monsterinsights_sitenote_active":false,"_monsterinsights_sitenote_note":"","_monsterinsights_sitenote_category":0},"product_brand":[],"product_cat":[1569,1555],"product_tag":[990,1031,961,1000],"class_list":{"0":"post-29265","1":"product","2":"type-product","3":"status-publish","4":"has-post-thumbnail","6":"product_cat-majorque","7":"product_cat-photographie-design","8":"product_tag-allemand-fr","9":"product_tag-anglais-fr","10":"product_tag-catalan-fr","11":"product_tag-espagnol-fr","12":"pa_idioma-catalan-fr","13":"pa_idioma-deutsch-fr","14":"pa_idioma-english-fr","15":"pa_idioma-espanol-fr-2","17":"first","18":"instock","19":"taxable","20":"shipping-taxable","21":"purchasable","22":"product-type-variable","23":"has-default-attributes"},"acf":[],"_links":{"self":[{"href":"https:\/\/triangle.cat\/fr\/wp-json\/wp\/v2\/product\/29265","targetHints":{"allow":["GET"]}}],"collection":[{"href":"https:\/\/triangle.cat\/fr\/wp-json\/wp\/v2\/product"}],"about":[{"href":"https:\/\/triangle.cat\/fr\/wp-json\/wp\/v2\/types\/product"}],"replies":[{"embeddable":true,"href":"https:\/\/triangle.cat\/fr\/wp-json\/wp\/v2\/comments?post=29265"}],"wp:featuredmedia":[{"embeddable":true,"href":"https:\/\/triangle.cat\/fr\/wp-json\/wp\/v2\/media\/9090"}],"wp:attachment":[{"href":"https:\/\/triangle.cat\/fr\/wp-json\/wp\/v2\/media?parent=29265"}],"wp:term":[{"taxonomy":"product_brand","embeddable":true,"href":"https:\/\/triangle.cat\/fr\/wp-json\/wp\/v2\/product_brand?post=29265"},{"taxonomy":"product_cat","embeddable":true,"href":"https:\/\/triangle.cat\/fr\/wp-json\/wp\/v2\/product_cat?post=29265"},{"taxonomy":"product_tag","embeddable":true,"href":"https:\/\/triangle.cat\/fr\/wp-json\/wp\/v2\/product_tag?post=29265"}],"curies":[{"name":"wp","href":"https:\/\/api.w.org\/{rel}","templated":true}]}}