
{"id":29260,"date":"2023-02-14T07:41:14","date_gmt":"2023-02-14T10:09:06","guid":{"rendered":"https:\/\/www.triangleeditorial.com\/producto\/pavillon-mies-van-der-rohe\/"},"modified":"2024-01-22T13:23:10","modified_gmt":"2024-01-22T11:23:10","slug":"pavillon-mies-van-der-rohe","status":"publish","type":"product","link":"https:\/\/triangle.cat\/fr\/producto\/pavillon-mies-van-der-rohe\/","title":{"rendered":"Pavillon Mies van der Rohe"},"content":{"rendered":"","protected":false},"excerpt":{"rendered":"<p>L\u2019architecte Mies van der Rohe donna une le\u00e7on exemplaire de modernit\u00e9 et de style avec son Pavillon allemand, construit \u00e0 l\u2019occasion de l\u2019Exposition internationale de Barcelone de 1929. Il distilla son concept \u00ab\u00a0moins c\u2019est plus\u00a0\u00bb pour cr\u00e9er ce singulier espace d\u2019ombre et de lumi\u00e8re, de verre et de marbre, d\u2019air et d\u2019eau que cet ouvrage monographique vous pr\u00e9sente dans toute sa pl\u00e9nitude.<\/p>\n","protected":false},"featured_media":22327,"comment_status":"closed","ping_status":"closed","template":"","meta":{"_acf_changed":false,"_monsterinsights_skip_tracking":false,"_monsterinsights_sitenote_active":false,"_monsterinsights_sitenote_note":"","_monsterinsights_sitenote_category":0},"product_brand":[],"product_cat":[1536,1555],"product_tag":[990,1031,961,1000,1007],"class_list":{"0":"post-29260","1":"product","2":"type-product","3":"status-publish","4":"has-post-thumbnail","6":"product_cat-art-architecture-fr","7":"product_cat-photographie-design","8":"product_tag-allemand-fr","9":"product_tag-anglais-fr","10":"product_tag-catalan-fr","11":"product_tag-espagnol-fr","12":"product_tag-francais-fr-2","13":"pa_idioma-catalan-fr","14":"pa_idioma-deutsch-fr","15":"pa_idioma-english-fr","16":"pa_idioma-espanol-fr-2","17":"pa_idioma-francais-fr","19":"first","20":"instock","21":"taxable","22":"shipping-taxable","23":"purchasable","24":"product-type-variable"},"acf":[],"_links":{"self":[{"href":"https:\/\/triangle.cat\/fr\/wp-json\/wp\/v2\/product\/29260","targetHints":{"allow":["GET"]}}],"collection":[{"href":"https:\/\/triangle.cat\/fr\/wp-json\/wp\/v2\/product"}],"about":[{"href":"https:\/\/triangle.cat\/fr\/wp-json\/wp\/v2\/types\/product"}],"replies":[{"embeddable":true,"href":"https:\/\/triangle.cat\/fr\/wp-json\/wp\/v2\/comments?post=29260"}],"wp:featuredmedia":[{"embeddable":true,"href":"https:\/\/triangle.cat\/fr\/wp-json\/wp\/v2\/media\/22327"}],"wp:attachment":[{"href":"https:\/\/triangle.cat\/fr\/wp-json\/wp\/v2\/media?parent=29260"}],"wp:term":[{"taxonomy":"product_brand","embeddable":true,"href":"https:\/\/triangle.cat\/fr\/wp-json\/wp\/v2\/product_brand?post=29260"},{"taxonomy":"product_cat","embeddable":true,"href":"https:\/\/triangle.cat\/fr\/wp-json\/wp\/v2\/product_cat?post=29260"},{"taxonomy":"product_tag","embeddable":true,"href":"https:\/\/triangle.cat\/fr\/wp-json\/wp\/v2\/product_tag?post=29260"}],"curies":[{"name":"wp","href":"https:\/\/api.w.org\/{rel}","templated":true}]}}