
{"id":29254,"date":"2023-02-14T07:38:02","date_gmt":"2023-02-14T10:07:36","guid":{"rendered":"https:\/\/www.triangleeditorial.com\/producto\/menorca\/"},"modified":"2025-06-26T14:08:26","modified_gmt":"2025-06-26T12:08:26","slug":"menorca-5","status":"publish","type":"product","link":"https:\/\/triangle.cat\/fr\/producto\/menorca-5\/","title":{"rendered":"Menorca"},"content":{"rendered":"","protected":false},"excerpt":{"rendered":"<p>Voici des instantan\u00e9s peu connus de la vie du d\u00e9but du xxe\u00a0si\u00e8cle \u00e0 Minorque. M\u00e9tiers et coutumes, lieux perdus, recoins conserv\u00e9s. Il s\u2019agit d\u2019un album qui refl\u00e8te la mani\u00e8re d\u2019\u00eatre, les travaux quotidiens et les rites sociaux d\u2019un moment important pour l\u2019\u00eele.<\/p>\n","protected":false},"featured_media":28218,"comment_status":"closed","ping_status":"closed","template":"","meta":{"_acf_changed":false,"_monsterinsights_skip_tracking":false,"_monsterinsights_sitenote_active":false,"_monsterinsights_sitenote_note":"","_monsterinsights_sitenote_category":0},"product_brand":[],"product_cat":[1572,1555],"product_tag":[],"class_list":{"0":"post-29254","1":"product","2":"type-product","3":"status-publish","4":"has-post-thumbnail","6":"product_cat-minorque","7":"product_cat-photographie-design","8":"pa_idioma-multilingue-catala-espanol-english-fr","10":"first","11":"instock","12":"taxable","13":"shipping-taxable","14":"purchasable","15":"product-type-variable","16":"has-default-attributes"},"acf":[],"_links":{"self":[{"href":"https:\/\/triangle.cat\/fr\/wp-json\/wp\/v2\/product\/29254","targetHints":{"allow":["GET"]}}],"collection":[{"href":"https:\/\/triangle.cat\/fr\/wp-json\/wp\/v2\/product"}],"about":[{"href":"https:\/\/triangle.cat\/fr\/wp-json\/wp\/v2\/types\/product"}],"replies":[{"embeddable":true,"href":"https:\/\/triangle.cat\/fr\/wp-json\/wp\/v2\/comments?post=29254"}],"wp:featuredmedia":[{"embeddable":true,"href":"https:\/\/triangle.cat\/fr\/wp-json\/wp\/v2\/media\/28218"}],"wp:attachment":[{"href":"https:\/\/triangle.cat\/fr\/wp-json\/wp\/v2\/media?parent=29254"}],"wp:term":[{"taxonomy":"product_brand","embeddable":true,"href":"https:\/\/triangle.cat\/fr\/wp-json\/wp\/v2\/product_brand?post=29254"},{"taxonomy":"product_cat","embeddable":true,"href":"https:\/\/triangle.cat\/fr\/wp-json\/wp\/v2\/product_cat?post=29254"},{"taxonomy":"product_tag","embeddable":true,"href":"https:\/\/triangle.cat\/fr\/wp-json\/wp\/v2\/product_tag?post=29254"}],"curies":[{"name":"wp","href":"https:\/\/api.w.org\/{rel}","templated":true}]}}