
{"id":29247,"date":"2023-02-14T07:37:17","date_gmt":"2023-02-14T10:06:46","guid":{"rendered":"https:\/\/www.triangleeditorial.com\/producto\/montserrat-2\/"},"modified":"2023-02-14T10:07:38","modified_gmt":"2023-02-14T10:07:38","slug":"montserrat-2","status":"publish","type":"product","link":"https:\/\/triangle.cat\/fr\/producto\/montserrat-2\/","title":{"rendered":"Montserrat"},"content":{"rendered":"","protected":false},"excerpt":{"rendered":"<p>Montserrat est l\u2019un des rares endroits au monde \u00e0 r\u00e9unir si \u00e9troitement la beaut\u00e9 de la nature, la qualit\u00e9 culturelle et la dimension spirituelle. Site unique et lieu de culture, espace de rencontre et de qu\u00eate personnelle, rien d\u2019\u00e9tonnant \u00e0 ce que le peuple catalan en ait fait l\u2019un de ses grands symboles. Cet ouvrage passe en revue l\u2019histoire de Montserrat en prenant pour axes principaux sa basilique, son monast\u00e8re et la Sainte-Grotte. Il offre un panorama de son massif montagneux, dont l\u2019imagination populaire a baptis\u00e9 de noms \u00e9vocateurs les dizaines de hauteurs aux formes capricieuses. Il propose des randonn\u00e9es ouvertes \u00e0 tous, quels que soient l\u2019\u00e2ge, la forme physique ou le temps disponible. Et il invite \u00e0 savourer les espaces de culture \u2013 le mus\u00e9e, la man\u00e9canterie, l\u2019Espai d\u2019Art Sean Scully et la Salle de la Nature, entre autres.<\/p>\n","protected":false},"featured_media":15082,"comment_status":"closed","ping_status":"open","template":"","meta":{"_acf_changed":false,"_monsterinsights_skip_tracking":false,"_monsterinsights_sitenote_active":false,"_monsterinsights_sitenote_note":"","_monsterinsights_sitenote_category":0},"product_brand":[],"product_cat":[1542],"product_tag":[1031,961,1000,1007,1065,1088],"class_list":{"0":"post-29247","1":"product","2":"type-product","3":"status-publish","4":"has-post-thumbnail","6":"product_cat-catalogne-fr","7":"product_tag-anglais-fr","8":"product_tag-catalan-fr","9":"product_tag-espagnol-fr","10":"product_tag-francais-fr-2","11":"product_tag-portugais","12":"product_tag-russe-fr","13":"pa_idioma-catalan-fr","14":"pa_idioma-english-fr","15":"pa_idioma-espanol-fr-2","16":"pa_idioma-francais-fr","17":"pa_idioma-portugues-fr","18":"pa_idioma--fr","20":"first","21":"instock","22":"taxable","23":"shipping-taxable","24":"purchasable","25":"product-type-variable","26":"has-default-attributes"},"acf":[],"_links":{"self":[{"href":"https:\/\/triangle.cat\/fr\/wp-json\/wp\/v2\/product\/29247","targetHints":{"allow":["GET"]}}],"collection":[{"href":"https:\/\/triangle.cat\/fr\/wp-json\/wp\/v2\/product"}],"about":[{"href":"https:\/\/triangle.cat\/fr\/wp-json\/wp\/v2\/types\/product"}],"replies":[{"embeddable":true,"href":"https:\/\/triangle.cat\/fr\/wp-json\/wp\/v2\/comments?post=29247"}],"wp:featuredmedia":[{"embeddable":true,"href":"https:\/\/triangle.cat\/fr\/wp-json\/wp\/v2\/media\/15082"}],"wp:attachment":[{"href":"https:\/\/triangle.cat\/fr\/wp-json\/wp\/v2\/media?parent=29247"}],"wp:term":[{"taxonomy":"product_brand","embeddable":true,"href":"https:\/\/triangle.cat\/fr\/wp-json\/wp\/v2\/product_brand?post=29247"},{"taxonomy":"product_cat","embeddable":true,"href":"https:\/\/triangle.cat\/fr\/wp-json\/wp\/v2\/product_cat?post=29247"},{"taxonomy":"product_tag","embeddable":true,"href":"https:\/\/triangle.cat\/fr\/wp-json\/wp\/v2\/product_tag?post=29247"}],"curies":[{"name":"wp","href":"https:\/\/api.w.org\/{rel}","templated":true}]}}