
{"id":29240,"date":"2023-02-14T07:36:31","date_gmt":"2023-02-14T10:06:02","guid":{"rendered":"https:\/\/www.triangleeditorial.com\/producto\/montserrat\/"},"modified":"2023-02-14T10:06:48","modified_gmt":"2023-02-14T10:06:48","slug":"montserrat","status":"publish","type":"product","link":"https:\/\/triangle.cat\/fr\/producto\/montserrat\/","title":{"rendered":"Montserrat"},"content":{"rendered":"","protected":false},"excerpt":{"rendered":"<p>La montagne sacr\u00e9e des Catalans, Montserrat, est un des parcs naturels parmi les plus admir\u00e9s du pays. Ses aiguilles, ses cimes et ses rochers aux formes fantasmagoriques ont s\u00e9duit des g\u00e9n\u00e9rations de voyageurs. Montagne, sanctuaire et monast\u00e8re se r\u00e9unissent en une enclave unique dans laquelle le mus\u00e9e de Montserrat abrite un important fonds artistique, avec des peintures datant du xiiie au xxe si\u00e8cle.<\/p>\n","protected":false},"featured_media":7777,"comment_status":"closed","ping_status":"closed","template":"","meta":{"_acf_changed":false,"_monsterinsights_skip_tracking":false,"_monsterinsights_sitenote_active":false,"_monsterinsights_sitenote_note":"","_monsterinsights_sitenote_category":0},"product_brand":[],"product_cat":[1542],"product_tag":[990,1031,961,1000,1007,1088],"class_list":{"0":"post-29240","1":"product","2":"type-product","3":"status-publish","4":"has-post-thumbnail","6":"product_cat-catalogne-fr","7":"product_tag-allemand-fr","8":"product_tag-anglais-fr","9":"product_tag-catalan-fr","10":"product_tag-espagnol-fr","11":"product_tag-francais-fr-2","12":"product_tag-russe-fr","13":"pa_idioma-catalan-fr","14":"pa_idioma-deutsch-fr","15":"pa_idioma-english-fr","16":"pa_idioma-espanol-fr-2","17":"pa_idioma-francais-fr","18":"pa_idioma--fr","20":"first","21":"instock","22":"taxable","23":"shipping-taxable","24":"purchasable","25":"product-type-variable","26":"has-default-attributes"},"acf":[],"_links":{"self":[{"href":"https:\/\/triangle.cat\/fr\/wp-json\/wp\/v2\/product\/29240","targetHints":{"allow":["GET"]}}],"collection":[{"href":"https:\/\/triangle.cat\/fr\/wp-json\/wp\/v2\/product"}],"about":[{"href":"https:\/\/triangle.cat\/fr\/wp-json\/wp\/v2\/types\/product"}],"replies":[{"embeddable":true,"href":"https:\/\/triangle.cat\/fr\/wp-json\/wp\/v2\/comments?post=29240"}],"wp:featuredmedia":[{"embeddable":true,"href":"https:\/\/triangle.cat\/fr\/wp-json\/wp\/v2\/media\/7777"}],"wp:attachment":[{"href":"https:\/\/triangle.cat\/fr\/wp-json\/wp\/v2\/media?parent=29240"}],"wp:term":[{"taxonomy":"product_brand","embeddable":true,"href":"https:\/\/triangle.cat\/fr\/wp-json\/wp\/v2\/product_brand?post=29240"},{"taxonomy":"product_cat","embeddable":true,"href":"https:\/\/triangle.cat\/fr\/wp-json\/wp\/v2\/product_cat?post=29240"},{"taxonomy":"product_tag","embeddable":true,"href":"https:\/\/triangle.cat\/fr\/wp-json\/wp\/v2\/product_tag?post=29240"}],"curies":[{"name":"wp","href":"https:\/\/api.w.org\/{rel}","templated":true}]}}