
{"id":29236,"date":"2023-02-14T07:35:31","date_gmt":"2023-02-14T10:05:32","guid":{"rendered":"https:\/\/www.triangleeditorial.com\/producto\/mallorca-4\/"},"modified":"2023-02-14T10:05:50","modified_gmt":"2023-02-14T10:05:50","slug":"mallorca-6","status":"publish","type":"product","link":"https:\/\/triangle.cat\/fr\/producto\/mallorca-6\/","title":{"rendered":"Mallorca"},"content":{"rendered":"","protected":false},"excerpt":{"rendered":"<p>D\u00e9couvrez l\u2019\u00eele qui enchante et intrigue l\u2019humanit\u00e9 depuis le d\u00e9but des temps\u2009! Riche en beaut\u00e9s naturelles, Majorque est une petite portion de paradis sur Terre. Par ailleurs, son histoire, souvent turbulente, lui a l\u00e9gu\u00e9 un h\u00e9ritage culturel surprenant qui parvient m\u00eame \u00e0 fasciner jusqu\u2019au plus blas\u00e9 des voyageurs.<\/p>\n","protected":false},"featured_media":28040,"comment_status":"closed","ping_status":"closed","template":"","meta":{"_acf_changed":false,"_monsterinsights_skip_tracking":false,"_monsterinsights_sitenote_active":false,"_monsterinsights_sitenote_note":"","_monsterinsights_sitenote_category":0},"product_brand":[],"product_cat":[1569],"product_tag":[1031,961,1000,1007],"class_list":{"0":"post-29236","1":"product","2":"type-product","3":"status-publish","4":"has-post-thumbnail","6":"product_cat-majorque","7":"product_tag-anglais-fr","8":"product_tag-catalan-fr","9":"product_tag-espagnol-fr","10":"product_tag-francais-fr-2","11":"pa_idioma-multilingue-catala-espanol-english-francais-fr","13":"first","14":"instock","15":"taxable","16":"shipping-taxable","17":"purchasable","18":"product-type-variable","19":"has-default-attributes"},"acf":[],"_links":{"self":[{"href":"https:\/\/triangle.cat\/fr\/wp-json\/wp\/v2\/product\/29236","targetHints":{"allow":["GET"]}}],"collection":[{"href":"https:\/\/triangle.cat\/fr\/wp-json\/wp\/v2\/product"}],"about":[{"href":"https:\/\/triangle.cat\/fr\/wp-json\/wp\/v2\/types\/product"}],"replies":[{"embeddable":true,"href":"https:\/\/triangle.cat\/fr\/wp-json\/wp\/v2\/comments?post=29236"}],"wp:featuredmedia":[{"embeddable":true,"href":"https:\/\/triangle.cat\/fr\/wp-json\/wp\/v2\/media\/28040"}],"wp:attachment":[{"href":"https:\/\/triangle.cat\/fr\/wp-json\/wp\/v2\/media?parent=29236"}],"wp:term":[{"taxonomy":"product_brand","embeddable":true,"href":"https:\/\/triangle.cat\/fr\/wp-json\/wp\/v2\/product_brand?post=29236"},{"taxonomy":"product_cat","embeddable":true,"href":"https:\/\/triangle.cat\/fr\/wp-json\/wp\/v2\/product_cat?post=29236"},{"taxonomy":"product_tag","embeddable":true,"href":"https:\/\/triangle.cat\/fr\/wp-json\/wp\/v2\/product_tag?post=29236"}],"curies":[{"name":"wp","href":"https:\/\/api.w.org\/{rel}","templated":true}]}}