
{"id":28003,"date":"2023-02-13T20:21:43","date_gmt":"2023-02-14T07:29:14","guid":{"rendered":"https:\/\/www.triangleeditorial.com\/producto\/menorca-talayotica\/"},"modified":"2025-06-26T14:08:26","modified_gmt":"2025-06-26T12:08:26","slug":"menorca-talayotica","status":"publish","type":"product","link":"https:\/\/triangle.cat\/fr\/producto\/menorca-talayotica\/","title":{"rendered":"Menorca talay\u00f3tica"},"content":{"rendered":"","protected":false},"excerpt":{"rendered":"<p>La pr\u00e9histoire de Minorque pr\u00e9sente des traits sp\u00e9cifiques dif-f\u00e9rentiels par rapport \u00e0 celle du continent europ\u00e9en. Maintenant que l\u2019UNESCO vient d\u2019accepter la candidature au Patrimoine mondial des monuments pr\u00e9historiques de Minorque, ce guide est la meilleure mani\u00e8re et la plus compl\u00e8te de les d\u00e9couvrir et de les visiter. R\u00e9alis\u00e9 par une \u00e9quipe de sp\u00e9cialistes, il explique de mani\u00e8re agr\u00e9able et rigoureuse \u2014 avec des illustrations qui recr\u00e9ent la Minorque talayotique et des photographies actuelles \u2014 les diff\u00e9rentes \u00e9tapes de deux mille ann\u00e9es de pr\u00e9histoire minorquine : la vie quotidienne, la conception sur la mort, les rituels, l\u2019habitat, les monuments, etc. De plus, il propose 40 fiches des gisements les plus repr\u00e9sentatifs avec la description de chaque gisement\u00a0: cartographie, planim\u00e9trie, accessibilit\u00e9 en voiture, horaires, photographies, dur\u00e9e de la visite et explication du parcours \u00e0 travers le gisement comme si le visiteur \u00e9tait accompagn\u00e9 par un arch\u00e9ologue.  Un guide unique pour voyager 4\u00a0000 ans en arri\u00e8re et conna\u00eetre, appr\u00e9cier et contribuer \u00e0 conserver le patrimoine h\u00e9rit\u00e9.<\/p>\n","protected":false},"featured_media":15069,"comment_status":"closed","ping_status":"closed","template":"","meta":{"_acf_changed":false,"_monsterinsights_skip_tracking":false,"_monsterinsights_sitenote_active":false,"_monsterinsights_sitenote_note":"","_monsterinsights_sitenote_category":0},"product_brand":[],"product_cat":[1536,1572],"product_tag":[1031,961,1000,1007],"class_list":{"0":"post-28003","1":"product","2":"type-product","3":"status-publish","4":"has-post-thumbnail","6":"product_cat-art-architecture-fr","7":"product_cat-minorque","8":"product_tag-anglais-fr","9":"product_tag-catalan-fr","10":"product_tag-espagnol-fr","11":"product_tag-francais-fr-2","12":"pa_idioma-catalan-fr","13":"pa_idioma-english-fr","14":"pa_idioma-espanol-fr-2","15":"pa_idioma-francais-fr","17":"first","18":"instock","19":"taxable","20":"shipping-taxable","21":"purchasable","22":"product-type-variable","23":"has-default-attributes"},"acf":[],"_links":{"self":[{"href":"https:\/\/triangle.cat\/fr\/wp-json\/wp\/v2\/product\/28003","targetHints":{"allow":["GET"]}}],"collection":[{"href":"https:\/\/triangle.cat\/fr\/wp-json\/wp\/v2\/product"}],"about":[{"href":"https:\/\/triangle.cat\/fr\/wp-json\/wp\/v2\/types\/product"}],"replies":[{"embeddable":true,"href":"https:\/\/triangle.cat\/fr\/wp-json\/wp\/v2\/comments?post=28003"}],"wp:featuredmedia":[{"embeddable":true,"href":"https:\/\/triangle.cat\/fr\/wp-json\/wp\/v2\/media\/15069"}],"wp:attachment":[{"href":"https:\/\/triangle.cat\/fr\/wp-json\/wp\/v2\/media?parent=28003"}],"wp:term":[{"taxonomy":"product_brand","embeddable":true,"href":"https:\/\/triangle.cat\/fr\/wp-json\/wp\/v2\/product_brand?post=28003"},{"taxonomy":"product_cat","embeddable":true,"href":"https:\/\/triangle.cat\/fr\/wp-json\/wp\/v2\/product_cat?post=28003"},{"taxonomy":"product_tag","embeddable":true,"href":"https:\/\/triangle.cat\/fr\/wp-json\/wp\/v2\/product_tag?post=28003"}],"curies":[{"name":"wp","href":"https:\/\/api.w.org\/{rel}","templated":true}]}}