
{"id":27985,"date":"2023-02-13T20:20:09","date_gmt":"2023-02-14T07:27:01","guid":{"rendered":"https:\/\/www.triangleeditorial.com\/producto\/minorque-2\/"},"modified":"2025-02-26T17:41:27","modified_gmt":"2025-02-26T15:41:27","slug":"minorque-2","status":"publish","type":"product","link":"https:\/\/triangle.cat\/fr\/producto\/minorque-2\/","title":{"rendered":"Minorque"},"content":{"rendered":"","protected":false},"excerpt":{"rendered":"<p>Aller \u00e0 Minorque, c\u2019est revenir \u00e0 l\u2019essentiel. Plages et criques, chemins de nature, gisements arch\u00e9ologiques, patrimoine architectural&#8230; toute l\u2019\u00eele, sans exception, est incontournable. L\u2019essence de l\u2019\u00eele se respire \u00e9galement dans sa culture et ses traditions, tout particuli\u00e8rement dans ses f\u00eates et sa gastronomie. Ce guide repr\u00e9sentait donc un d\u00e9fi : aller \u00e0 l\u2019essentiel d\u2019une \u00eele o\u00f9 tout est pure essence et o\u00f9 tout est \u00e0 visiter absolument.<\/p>\n","protected":false},"featured_media":15424,"comment_status":"closed","ping_status":"closed","template":"","meta":{"_acf_changed":false,"_monsterinsights_skip_tracking":false,"_monsterinsights_sitenote_active":false,"_monsterinsights_sitenote_note":"","_monsterinsights_sitenote_category":0},"product_brand":[],"product_cat":[1572],"product_tag":[990,1031,961,1000,1007,1032],"class_list":{"0":"post-27985","1":"product","2":"type-product","3":"status-publish","4":"has-post-thumbnail","6":"product_cat-minorque","7":"product_tag-allemand-fr","8":"product_tag-anglais-fr","9":"product_tag-catalan-fr","10":"product_tag-espagnol-fr","11":"product_tag-francais-fr-2","12":"product_tag-italien","13":"pa_idioma-catalan-fr","14":"pa_idioma-deutsch-fr","15":"pa_idioma-english-fr","16":"pa_idioma-espanol-fr-2","17":"pa_idioma-francais-fr","18":"pa_idioma-italiano-fr","20":"first","21":"instock","22":"taxable","23":"shipping-taxable","24":"purchasable","25":"product-type-variable","26":"has-default-attributes"},"acf":[],"_links":{"self":[{"href":"https:\/\/triangle.cat\/fr\/wp-json\/wp\/v2\/product\/27985","targetHints":{"allow":["GET"]}}],"collection":[{"href":"https:\/\/triangle.cat\/fr\/wp-json\/wp\/v2\/product"}],"about":[{"href":"https:\/\/triangle.cat\/fr\/wp-json\/wp\/v2\/types\/product"}],"replies":[{"embeddable":true,"href":"https:\/\/triangle.cat\/fr\/wp-json\/wp\/v2\/comments?post=27985"}],"wp:featuredmedia":[{"embeddable":true,"href":"https:\/\/triangle.cat\/fr\/wp-json\/wp\/v2\/media\/15424"}],"wp:attachment":[{"href":"https:\/\/triangle.cat\/fr\/wp-json\/wp\/v2\/media?parent=27985"}],"wp:term":[{"taxonomy":"product_brand","embeddable":true,"href":"https:\/\/triangle.cat\/fr\/wp-json\/wp\/v2\/product_brand?post=27985"},{"taxonomy":"product_cat","embeddable":true,"href":"https:\/\/triangle.cat\/fr\/wp-json\/wp\/v2\/product_cat?post=27985"},{"taxonomy":"product_tag","embeddable":true,"href":"https:\/\/triangle.cat\/fr\/wp-json\/wp\/v2\/product_tag?post=27985"}],"curies":[{"name":"wp","href":"https:\/\/api.w.org\/{rel}","templated":true}]}}