
{"id":27979,"date":"2023-02-13T20:13:29","date_gmt":"2023-02-14T07:18:33","guid":{"rendered":"https:\/\/www.triangleeditorial.com\/producto\/carte-de-la-catalogne-a-colorier\/"},"modified":"2023-04-11T10:19:14","modified_gmt":"2023-04-11T10:19:14","slug":"carte-de-la-catalogne-a-colorier","status":"publish","type":"product","link":"https:\/\/triangle.cat\/fr\/producto\/carte-de-la-catalogne-a-colorier\/","title":{"rendered":"Carte de la Catalogne \u00e0 colorier"},"content":{"rendered":"","protected":false},"excerpt":{"rendered":"<p>Catalogne \u00e0 colorier et bien s\u2019amuser! Les enfants (et pas seulement eux), seuls ou accompagn\u00e9s, pourront se perdre dans tout le territoire catalan et visiter Montserrat ou le mus\u00e9e Dal\u00ed: \u00e9couter des habaneras et danser des sardanes, d\u00e9guster du fuet (saucisson), des cal\u00e7ots (oignons verts) et des anchois de l\u2019Escala; se baigner sur la Costa Brava ou contempler les ours dans la vall\u00e9e d\u2019Aran. Cela et bien plus. Du divertissement assur\u00e9!<\/p>\n","protected":false},"featured_media":30108,"comment_status":"closed","ping_status":"closed","template":"","meta":{"_acf_changed":false,"_monsterinsights_skip_tracking":false,"_monsterinsights_sitenote_active":false,"_monsterinsights_sitenote_note":"","_monsterinsights_sitenote_category":0},"product_brand":[],"product_cat":[1504,1912,1563],"product_tag":[930,972],"class_list":{"0":"post-27979","1":"product","2":"type-product","3":"status-publish","4":"has-post-thumbnail","6":"product_cat-catalogne","7":"product_cat-llibres-infantils-fr","8":"product_cat-pour-enfants","9":"product_tag-allemand","10":"product_tag-catalan-espagnol-anglais-francais","11":"pa_idioma-multilingue-catala-espanol-english-francais-deutsch-italiano-fr","13":"first","14":"instock","15":"taxable","16":"shipping-taxable","17":"purchasable","18":"product-type-variable","19":"has-default-attributes"},"acf":[],"_links":{"self":[{"href":"https:\/\/triangle.cat\/fr\/wp-json\/wp\/v2\/product\/27979","targetHints":{"allow":["GET"]}}],"collection":[{"href":"https:\/\/triangle.cat\/fr\/wp-json\/wp\/v2\/product"}],"about":[{"href":"https:\/\/triangle.cat\/fr\/wp-json\/wp\/v2\/types\/product"}],"replies":[{"embeddable":true,"href":"https:\/\/triangle.cat\/fr\/wp-json\/wp\/v2\/comments?post=27979"}],"wp:featuredmedia":[{"embeddable":true,"href":"https:\/\/triangle.cat\/fr\/wp-json\/wp\/v2\/media\/30108"}],"wp:attachment":[{"href":"https:\/\/triangle.cat\/fr\/wp-json\/wp\/v2\/media?parent=27979"}],"wp:term":[{"taxonomy":"product_brand","embeddable":true,"href":"https:\/\/triangle.cat\/fr\/wp-json\/wp\/v2\/product_brand?post=27979"},{"taxonomy":"product_cat","embeddable":true,"href":"https:\/\/triangle.cat\/fr\/wp-json\/wp\/v2\/product_cat?post=27979"},{"taxonomy":"product_tag","embeddable":true,"href":"https:\/\/triangle.cat\/fr\/wp-json\/wp\/v2\/product_tag?post=27979"}],"curies":[{"name":"wp","href":"https:\/\/api.w.org\/{rel}","templated":true}]}}