
{"id":27977,"date":"2023-02-13T20:11:09","date_gmt":"2023-02-13T20:11:09","guid":{"rendered":"https:\/\/www.triangleeditorial.com\/producto\/mapa-de-barcelona-mpara-colorear\/"},"modified":"2023-07-05T10:37:32","modified_gmt":"2023-07-05T10:37:32","slug":"mapa-de-barcelona-mpara-colorear","status":"publish","type":"product","link":"https:\/\/triangle.cat\/fr\/producto\/mapa-de-barcelona-mpara-colorear\/","title":{"rendered":"Carte Barcelone"},"content":{"rendered":"","protected":false},"excerpt":{"rendered":"<p>Coloriez la ville de Gaud\u00ed et du Bar\u00e7a! Une carte grand Format: pour que les enfants (et pas seulement), seuls ou accompagn\u00e9s, puissent se baigner sur les plages de la ville; visiter les meilleurs \u00e9difices de Gaud\u00ed: la Sagrada Familia, la Casa Batll\u00f3 ou la Pedrera; monter dans les attractions du Tibidabo; aller dans le stade du Bar\u00e7a; voir les animaux du zoo; se perdre dans les rues de la vieille ville : le quartier gothique, le Raval et la Barceloneta; et photographier la Fontaine Magique de Monju\u00efc. Vous serez occup\u00e9s tout l\u2019\u00e9t\u00e9!<\/p>\n","protected":false},"featured_media":30122,"comment_status":"closed","ping_status":"closed","template":"","meta":{"_acf_changed":false,"_monsterinsights_skip_tracking":false,"_monsterinsights_sitenote_active":false,"_monsterinsights_sitenote_note":"","_monsterinsights_sitenote_category":0},"product_brand":[],"product_cat":[1912,1563],"product_tag":[],"class_list":{"0":"post-27977","1":"product","2":"type-product","3":"status-publish","4":"has-post-thumbnail","6":"product_cat-llibres-infantils-fr","7":"product_cat-pour-enfants","8":"pa_idioma-multilingue-catala-espanol-english-francais-deutsch-italiano-fr","10":"first","11":"instock","12":"taxable","13":"shipping-taxable","14":"purchasable","15":"product-type-variable","16":"has-default-attributes"},"acf":[],"_links":{"self":[{"href":"https:\/\/triangle.cat\/fr\/wp-json\/wp\/v2\/product\/27977","targetHints":{"allow":["GET"]}}],"collection":[{"href":"https:\/\/triangle.cat\/fr\/wp-json\/wp\/v2\/product"}],"about":[{"href":"https:\/\/triangle.cat\/fr\/wp-json\/wp\/v2\/types\/product"}],"replies":[{"embeddable":true,"href":"https:\/\/triangle.cat\/fr\/wp-json\/wp\/v2\/comments?post=27977"}],"wp:featuredmedia":[{"embeddable":true,"href":"https:\/\/triangle.cat\/fr\/wp-json\/wp\/v2\/media\/30122"}],"wp:attachment":[{"href":"https:\/\/triangle.cat\/fr\/wp-json\/wp\/v2\/media?parent=27977"}],"wp:term":[{"taxonomy":"product_brand","embeddable":true,"href":"https:\/\/triangle.cat\/fr\/wp-json\/wp\/v2\/product_brand?post=27977"},{"taxonomy":"product_cat","embeddable":true,"href":"https:\/\/triangle.cat\/fr\/wp-json\/wp\/v2\/product_cat?post=27977"},{"taxonomy":"product_tag","embeddable":true,"href":"https:\/\/triangle.cat\/fr\/wp-json\/wp\/v2\/product_tag?post=27977"}],"curies":[{"name":"wp","href":"https:\/\/api.w.org\/{rel}","templated":true}]}}