
{"id":27975,"date":"2023-02-13T20:10:58","date_gmt":"2023-02-14T07:15:13","guid":{"rendered":"https:\/\/www.triangleeditorial.com\/producto\/mallorca-migjorn\/"},"modified":"2023-02-14T07:15:30","modified_gmt":"2023-02-14T07:15:30","slug":"mallorca-migjorn","status":"publish","type":"product","link":"https:\/\/triangle.cat\/fr\/producto\/mallorca-migjorn\/","title":{"rendered":"Mallorca Migjorn"},"content":{"rendered":"","protected":false},"excerpt":{"rendered":"<p>Le sud de l\u2019\u00eele de Majorque \u2014 Migjorn ou midi en catalan \u2014 a \u00e9t\u00e9 le t\u00e9moin des principales p\u00e9riodes de la longue histoire de l\u2019\u00eele. Des talaiots pr\u00e9historiques, des marais salants exploit\u00e9s d\u00e8s l\u2019\u00e9poque carthaginoise, des puits et citernes d\u2019origine arabe, des tours de d\u00e9fense m\u00e9di\u00e9vales, des ch\u00e2teaux, des phares, des ports de p\u00eacheurs, des falaises vertigineuses, de longues plages, des criques cach\u00e9es, des parcs naturels, des carri\u00e8res de pierre de mar\u00e8s, des demeures imposantes, une architecture rustique populaire\u2026 Tout cela, entre autres choses, avec un choix de photographies extraordinaires dans un paysage inoubliable.<\/p>\n","protected":false},"featured_media":16465,"comment_status":"closed","ping_status":"closed","template":"","meta":{"_acf_changed":false,"_monsterinsights_skip_tracking":false,"_monsterinsights_sitenote_active":false,"_monsterinsights_sitenote_note":"","_monsterinsights_sitenote_category":0},"product_brand":[],"product_cat":[1569,1555],"product_tag":[990,1031,1000,1007],"class_list":{"0":"post-27975","1":"product","2":"type-product","3":"status-publish","4":"has-post-thumbnail","6":"product_cat-majorque","7":"product_cat-photographie-design","8":"product_tag-allemand-fr","9":"product_tag-anglais-fr","10":"product_tag-espagnol-fr","11":"product_tag-francais-fr-2","12":"pa_idioma-multilingue-espanol-english-francais-deutsch-fr","14":"first","15":"outofstock","16":"taxable","17":"shipping-taxable","18":"purchasable","19":"product-type-variable","20":"has-default-attributes"},"acf":[],"_links":{"self":[{"href":"https:\/\/triangle.cat\/fr\/wp-json\/wp\/v2\/product\/27975","targetHints":{"allow":["GET"]}}],"collection":[{"href":"https:\/\/triangle.cat\/fr\/wp-json\/wp\/v2\/product"}],"about":[{"href":"https:\/\/triangle.cat\/fr\/wp-json\/wp\/v2\/types\/product"}],"replies":[{"embeddable":true,"href":"https:\/\/triangle.cat\/fr\/wp-json\/wp\/v2\/comments?post=27975"}],"wp:featuredmedia":[{"embeddable":true,"href":"https:\/\/triangle.cat\/fr\/wp-json\/wp\/v2\/media\/16465"}],"wp:attachment":[{"href":"https:\/\/triangle.cat\/fr\/wp-json\/wp\/v2\/media?parent=27975"}],"wp:term":[{"taxonomy":"product_brand","embeddable":true,"href":"https:\/\/triangle.cat\/fr\/wp-json\/wp\/v2\/product_brand?post=27975"},{"taxonomy":"product_cat","embeddable":true,"href":"https:\/\/triangle.cat\/fr\/wp-json\/wp\/v2\/product_cat?post=27975"},{"taxonomy":"product_tag","embeddable":true,"href":"https:\/\/triangle.cat\/fr\/wp-json\/wp\/v2\/product_tag?post=27975"}],"curies":[{"name":"wp","href":"https:\/\/api.w.org\/{rel}","templated":true}]}}