
{"id":27951,"date":"2023-02-13T20:04:42","date_gmt":"2023-02-14T07:07:03","guid":{"rendered":"https:\/\/www.triangleeditorial.com\/producto\/basilique-de-la-sagrada-familia\/"},"modified":"2023-02-14T07:08:32","modified_gmt":"2023-02-14T07:08:32","slug":"basilique-de-la-sagrada-familia","status":"publish","type":"product","link":"https:\/\/triangle.cat\/fr\/producto\/basilique-de-la-sagrada-familia\/","title":{"rendered":"Bas\u00edlique de la Sagrada Familia"},"content":{"rendered":"","protected":false},"excerpt":{"rendered":"<p>Dans ce guide, nous vous expliquons en d\u00e9tail l\u2019iconographie et la symbolique de chacune des sc\u00e8nes qui sont d\u00e9crites sur les deux fa\u00e7ades principales de la Sagrada Fam\u00edlia, la fa\u00e7ade la Nativit\u00e9 et celle de la Passion, qui contiennent une multitude de d\u00e9tails pleins d\u2019all\u00e9gories et de mysticisme.<\/p>\n","protected":false},"featured_media":27086,"comment_status":"closed","ping_status":"closed","template":"","meta":{"_acf_changed":false,"_monsterinsights_skip_tracking":false,"_monsterinsights_sitenote_active":false,"_monsterinsights_sitenote_note":"","_monsterinsights_sitenote_category":0},"product_brand":[],"product_cat":[1557,1500,1539,1516],"product_tag":[990,1031,961,1091,978,1000,1007,1032,1088],"class_list":{"0":"post-27951","1":"product","2":"type-product","3":"status-publish","4":"has-post-thumbnail","6":"product_cat-antoni-gaudi-fr","7":"product_cat-barcelone","8":"product_cat-barcelone-fr","9":"product_cat-cartes","10":"product_tag-allemand-fr","11":"product_tag-anglais-fr","12":"product_tag-catalan-fr","13":"product_tag-chinois-fr","14":"product_tag-coreen-fr","15":"product_tag-espagnol-fr","16":"product_tag-francais-fr-2","17":"product_tag-italien","18":"product_tag-russe-fr","19":"pa_idioma-catalan-fr","20":"pa_idioma-deutsch-fr","21":"pa_idioma-english-fr","22":"pa_idioma-espanol-fr-2","23":"pa_idioma-italiano-fr","24":"pa_idioma--fr","27":"first","28":"instock","29":"taxable","30":"shipping-taxable","31":"purchasable","32":"product-type-variable","33":"has-default-attributes"},"acf":[],"_links":{"self":[{"href":"https:\/\/triangle.cat\/fr\/wp-json\/wp\/v2\/product\/27951","targetHints":{"allow":["GET"]}}],"collection":[{"href":"https:\/\/triangle.cat\/fr\/wp-json\/wp\/v2\/product"}],"about":[{"href":"https:\/\/triangle.cat\/fr\/wp-json\/wp\/v2\/types\/product"}],"replies":[{"embeddable":true,"href":"https:\/\/triangle.cat\/fr\/wp-json\/wp\/v2\/comments?post=27951"}],"wp:featuredmedia":[{"embeddable":true,"href":"https:\/\/triangle.cat\/fr\/wp-json\/wp\/v2\/media\/27086"}],"wp:attachment":[{"href":"https:\/\/triangle.cat\/fr\/wp-json\/wp\/v2\/media?parent=27951"}],"wp:term":[{"taxonomy":"product_brand","embeddable":true,"href":"https:\/\/triangle.cat\/fr\/wp-json\/wp\/v2\/product_brand?post=27951"},{"taxonomy":"product_cat","embeddable":true,"href":"https:\/\/triangle.cat\/fr\/wp-json\/wp\/v2\/product_cat?post=27951"},{"taxonomy":"product_tag","embeddable":true,"href":"https:\/\/triangle.cat\/fr\/wp-json\/wp\/v2\/product_tag?post=27951"}],"curies":[{"name":"wp","href":"https:\/\/api.w.org\/{rel}","templated":true}]}}