
{"id":27946,"date":"2023-02-13T20:03:11","date_gmt":"2023-02-14T07:04:56","guid":{"rendered":"https:\/\/www.triangleeditorial.com\/producto\/mallorca-mapa-cicloturista\/"},"modified":"2023-03-06T13:35:07","modified_gmt":"2023-03-06T13:35:07","slug":"mallorca-mapa-cicloturista","status":"publish","type":"product","link":"https:\/\/triangle.cat\/fr\/producto\/mallorca-mapa-cicloturista\/","title":{"rendered":"Mallorca, Mapa Cicloturista"},"content":{"rendered":"","protected":false},"excerpt":{"rendered":"<p>L\u2019orographie particuli\u00e8re de l\u2019\u00eele, ses routes aux trac\u00e9s impossibles, ses paysages \u00e9blouissants, l\u2019imposante Serra de Tramuntana, les aimables plaines du sud, la c\u00f4te toujours accueillante, le travail enthousiaste des services touristiques&#8230; cela et bien plus font de Majorque un paradis pour les amateurs de v\u00e9lo. Dans cette carte nous vous pr\u00e9sentons 22 routes, tant pour les v\u00e9los de route comme pour les VTT et pour tous les niveaux ! Ainsi vous pourrez appr\u00e9cier cette \u00eele merveilleuse sans cesser de p\u00e9daler. Bonne route!<\/p>\n","protected":false},"featured_media":30158,"comment_status":"closed","ping_status":"closed","template":"","meta":{"_acf_changed":false,"_monsterinsights_skip_tracking":false,"_monsterinsights_sitenote_active":false,"_monsterinsights_sitenote_note":"","_monsterinsights_sitenote_category":0},"product_brand":[],"product_cat":[1459],"product_tag":[],"class_list":{"0":"post-27946","1":"product","2":"type-product","3":"status-publish","4":"has-post-thumbnail","6":"product_cat-de-categoriser","7":"pa_idioma-deutsch-fr","8":"pa_idioma-english-fr","9":"pa_idioma-espanol-fr-2","10":"pa_idioma-francais-fr","12":"first","13":"instock","14":"taxable","15":"shipping-taxable","16":"purchasable","17":"product-type-variable","18":"has-default-attributes"},"acf":[],"_links":{"self":[{"href":"https:\/\/triangle.cat\/fr\/wp-json\/wp\/v2\/product\/27946","targetHints":{"allow":["GET"]}}],"collection":[{"href":"https:\/\/triangle.cat\/fr\/wp-json\/wp\/v2\/product"}],"about":[{"href":"https:\/\/triangle.cat\/fr\/wp-json\/wp\/v2\/types\/product"}],"replies":[{"embeddable":true,"href":"https:\/\/triangle.cat\/fr\/wp-json\/wp\/v2\/comments?post=27946"}],"wp:featuredmedia":[{"embeddable":true,"href":"https:\/\/triangle.cat\/fr\/wp-json\/wp\/v2\/media\/30158"}],"wp:attachment":[{"href":"https:\/\/triangle.cat\/fr\/wp-json\/wp\/v2\/media?parent=27946"}],"wp:term":[{"taxonomy":"product_brand","embeddable":true,"href":"https:\/\/triangle.cat\/fr\/wp-json\/wp\/v2\/product_brand?post=27946"},{"taxonomy":"product_cat","embeddable":true,"href":"https:\/\/triangle.cat\/fr\/wp-json\/wp\/v2\/product_cat?post=27946"},{"taxonomy":"product_tag","embeddable":true,"href":"https:\/\/triangle.cat\/fr\/wp-json\/wp\/v2\/product_tag?post=27946"}],"curies":[{"name":"wp","href":"https:\/\/api.w.org\/{rel}","templated":true}]}}