
{"id":27928,"date":"2023-02-13T19:58:25","date_gmt":"2023-02-14T06:58:51","guid":{"rendered":"https:\/\/www.triangleeditorial.com\/producto\/barcelona\/"},"modified":"2023-02-14T06:59:47","modified_gmt":"2023-02-14T06:59:47","slug":"barcelona-11","status":"publish","type":"product","link":"https:\/\/triangle.cat\/fr\/producto\/barcelona-11\/","title":{"rendered":"Barcelona"},"content":{"rendered":"","protected":false},"excerpt":{"rendered":"<p>La meilleure information cartographique de Barcelone \u00e0 une  \u00e9chelle de 1\u2009:\u200912\u2009000 et inclut les pistes cyclables, les stations de m\u00e9tro, les mus\u00e9es, les monuments et d\u2019autres lieux d\u2019int\u00e9r\u00eat. De plus, il comprend un zoom sur la vieille ville (Ciutat Vella) + un plan des lignes de m\u00e9tro + plan des rues + 10 itin\u00e9raires avec plus de 60\u00a0fiches.<\/p>\n","protected":false},"featured_media":26982,"comment_status":"closed","ping_status":"closed","template":"","meta":{"_acf_changed":false,"_monsterinsights_skip_tracking":false,"_monsterinsights_sitenote_active":false,"_monsterinsights_sitenote_note":"","_monsterinsights_sitenote_category":0},"product_brand":[],"product_cat":[1500,1516],"product_tag":[990,1031,1000,1007,1032,1088],"class_list":{"0":"post-27928","1":"product","2":"type-product","3":"status-publish","4":"has-post-thumbnail","6":"product_cat-barcelone","7":"product_cat-cartes","8":"product_tag-allemand-fr","9":"product_tag-anglais-fr","10":"product_tag-espagnol-fr","11":"product_tag-francais-fr-2","12":"product_tag-italien","13":"product_tag-russe-fr","14":"pa_idioma-deutsch-fr","15":"pa_idioma-english-fr","16":"pa_idioma-espanol-fr-2","17":"pa_idioma-francais-fr","18":"pa_idioma-italiano-fr","19":"pa_idioma--fr","22":"first","23":"instock","24":"taxable","25":"shipping-taxable","26":"purchasable","27":"product-type-variable","28":"has-default-attributes"},"acf":[],"_links":{"self":[{"href":"https:\/\/triangle.cat\/fr\/wp-json\/wp\/v2\/product\/27928","targetHints":{"allow":["GET"]}}],"collection":[{"href":"https:\/\/triangle.cat\/fr\/wp-json\/wp\/v2\/product"}],"about":[{"href":"https:\/\/triangle.cat\/fr\/wp-json\/wp\/v2\/types\/product"}],"replies":[{"embeddable":true,"href":"https:\/\/triangle.cat\/fr\/wp-json\/wp\/v2\/comments?post=27928"}],"wp:featuredmedia":[{"embeddable":true,"href":"https:\/\/triangle.cat\/fr\/wp-json\/wp\/v2\/media\/26982"}],"wp:attachment":[{"href":"https:\/\/triangle.cat\/fr\/wp-json\/wp\/v2\/media?parent=27928"}],"wp:term":[{"taxonomy":"product_brand","embeddable":true,"href":"https:\/\/triangle.cat\/fr\/wp-json\/wp\/v2\/product_brand?post=27928"},{"taxonomy":"product_cat","embeddable":true,"href":"https:\/\/triangle.cat\/fr\/wp-json\/wp\/v2\/product_cat?post=27928"},{"taxonomy":"product_tag","embeddable":true,"href":"https:\/\/triangle.cat\/fr\/wp-json\/wp\/v2\/product_tag?post=27928"}],"curies":[{"name":"wp","href":"https:\/\/api.w.org\/{rel}","templated":true}]}}