
{"id":27922,"date":"2023-02-13T19:57:56","date_gmt":"2023-02-14T06:58:11","guid":{"rendered":"https:\/\/www.triangleeditorial.com\/producto\/madrid\/"},"modified":"2023-02-14T06:58:53","modified_gmt":"2023-02-14T06:58:53","slug":"madrid","status":"publish","type":"product","link":"https:\/\/triangle.cat\/fr\/producto\/madrid\/","title":{"rendered":"Madrid"},"content":{"rendered":"","protected":false},"excerpt":{"rendered":"<p>La ville de Madrid poss\u00e8de deux \u00e2mes\u00a0: la moderne et la traditionnelle, l\u2019effront\u00e9e et la chaste. Ville libre et cour, capitale des arts et des lettres, la cit\u00e9 s\u2019est constamment r\u00e9invent\u00e9e au fil des si\u00e8cles. De nos jours, innovatrice, elle brille \u00e0 nouveau gr\u00e2ce aux immeubles et \u00e9difices du Paseo de la Castellana, au mirador de Sanchinarro et au caract\u00e8re multiculturel du quartier de Lavapi\u00e9s.<\/p>\n","protected":false},"featured_media":7732,"comment_status":"closed","ping_status":"open","template":"","meta":{"_acf_changed":false,"_monsterinsights_skip_tracking":false,"_monsterinsights_sitenote_active":false,"_monsterinsights_sitenote_note":"","_monsterinsights_sitenote_category":0},"product_brand":[],"product_cat":[1536,1555],"product_tag":[990,1031,1000,1007,1032],"class_list":{"0":"post-27922","1":"product","2":"type-product","3":"status-publish","4":"has-post-thumbnail","6":"product_cat-art-architecture-fr","7":"product_cat-photographie-design","8":"product_tag-allemand-fr","9":"product_tag-anglais-fr","10":"product_tag-espagnol-fr","11":"product_tag-francais-fr-2","12":"product_tag-italien","13":"pa_idioma-deutsch-fr","14":"pa_idioma-english-fr","15":"pa_idioma-espanol-fr-2","16":"pa_idioma-francais-fr","17":"pa_idioma-italiano-fr","19":"first","20":"instock","21":"taxable","22":"shipping-taxable","23":"purchasable","24":"product-type-variable","25":"has-default-attributes"},"acf":[],"_links":{"self":[{"href":"https:\/\/triangle.cat\/fr\/wp-json\/wp\/v2\/product\/27922","targetHints":{"allow":["GET"]}}],"collection":[{"href":"https:\/\/triangle.cat\/fr\/wp-json\/wp\/v2\/product"}],"about":[{"href":"https:\/\/triangle.cat\/fr\/wp-json\/wp\/v2\/types\/product"}],"replies":[{"embeddable":true,"href":"https:\/\/triangle.cat\/fr\/wp-json\/wp\/v2\/comments?post=27922"}],"wp:featuredmedia":[{"embeddable":true,"href":"https:\/\/triangle.cat\/fr\/wp-json\/wp\/v2\/media\/7732"}],"wp:attachment":[{"href":"https:\/\/triangle.cat\/fr\/wp-json\/wp\/v2\/media?parent=27922"}],"wp:term":[{"taxonomy":"product_brand","embeddable":true,"href":"https:\/\/triangle.cat\/fr\/wp-json\/wp\/v2\/product_brand?post=27922"},{"taxonomy":"product_cat","embeddable":true,"href":"https:\/\/triangle.cat\/fr\/wp-json\/wp\/v2\/product_cat?post=27922"},{"taxonomy":"product_tag","embeddable":true,"href":"https:\/\/triangle.cat\/fr\/wp-json\/wp\/v2\/product_tag?post=27922"}],"curies":[{"name":"wp","href":"https:\/\/api.w.org\/{rel}","templated":true}]}}