
{"id":27916,"date":"2023-02-13T19:57:22","date_gmt":"2023-02-14T06:57:28","guid":{"rendered":"https:\/\/www.triangleeditorial.com\/producto\/majorque\/"},"modified":"2023-02-14T06:58:12","modified_gmt":"2023-02-14T06:58:12","slug":"majorque","status":"publish","type":"product","link":"https:\/\/triangle.cat\/fr\/producto\/majorque\/","title":{"rendered":"Majorque"},"content":{"rendered":"","protected":false},"excerpt":{"rendered":"<p>Majorque, au c\u0153ur de la M\u00e9diterran\u00e9e occidentale, contient une grande diversit\u00e9 de paysages. Sur le relief accident\u00e9 de la Serra de Tramuntana se dressent des sommets enneig\u00e9s en hiver. La grande plaine int\u00e9rieure est sem\u00e9e de villages qui, sur de petites \u00e9l\u00e9vations, surveillent fi\u00e8rement leurs traditions et leur gastronomie. Des zones humides, des fonds marins et des espaces prot\u00e9g\u00e9s configurent des \u00e9cosyst\u00e8mes pr\u00e9cieux diss\u00e9min\u00e9s sur tout le territoire, tandis que le long p\u00e9rim\u00e8tre de l\u2019\u00eele est parcouru par des plages aux r\u00e9miniscences paradisiaques et des criques encaiss\u00e9es entre des falaises, toujours baign\u00e9es par des eaux couleur turquoise et \u00e9meraude.<\/p>\n","protected":false},"featured_media":15041,"comment_status":"closed","ping_status":"open","template":"","meta":{"_acf_changed":false,"_monsterinsights_skip_tracking":false,"_monsterinsights_sitenote_active":false,"_monsterinsights_sitenote_note":"","_monsterinsights_sitenote_category":0},"product_brand":[],"product_cat":[1569],"product_tag":[990,1031,961,1000,1007],"class_list":{"0":"post-27916","1":"product","2":"type-product","3":"status-publish","4":"has-post-thumbnail","6":"product_cat-majorque","7":"product_tag-allemand-fr","8":"product_tag-anglais-fr","9":"product_tag-catalan-fr","10":"product_tag-espagnol-fr","11":"product_tag-francais-fr-2","12":"pa_idioma-catalan-fr","13":"pa_idioma-deutsch-fr","14":"pa_idioma-english-fr","15":"pa_idioma-espanol-fr-2","16":"pa_idioma-francais-fr","18":"first","19":"instock","20":"taxable","21":"shipping-taxable","22":"purchasable","23":"product-type-variable","24":"has-default-attributes"},"acf":[],"_links":{"self":[{"href":"https:\/\/triangle.cat\/fr\/wp-json\/wp\/v2\/product\/27916","targetHints":{"allow":["GET"]}}],"collection":[{"href":"https:\/\/triangle.cat\/fr\/wp-json\/wp\/v2\/product"}],"about":[{"href":"https:\/\/triangle.cat\/fr\/wp-json\/wp\/v2\/types\/product"}],"replies":[{"embeddable":true,"href":"https:\/\/triangle.cat\/fr\/wp-json\/wp\/v2\/comments?post=27916"}],"wp:featuredmedia":[{"embeddable":true,"href":"https:\/\/triangle.cat\/fr\/wp-json\/wp\/v2\/media\/15041"}],"wp:attachment":[{"href":"https:\/\/triangle.cat\/fr\/wp-json\/wp\/v2\/media?parent=27916"}],"wp:term":[{"taxonomy":"product_brand","embeddable":true,"href":"https:\/\/triangle.cat\/fr\/wp-json\/wp\/v2\/product_brand?post=27916"},{"taxonomy":"product_cat","embeddable":true,"href":"https:\/\/triangle.cat\/fr\/wp-json\/wp\/v2\/product_cat?post=27916"},{"taxonomy":"product_tag","embeddable":true,"href":"https:\/\/triangle.cat\/fr\/wp-json\/wp\/v2\/product_tag?post=27916"}],"curies":[{"name":"wp","href":"https:\/\/api.w.org\/{rel}","templated":true}]}}