
{"id":27909,"date":"2023-02-13T19:56:48","date_gmt":"2023-02-14T06:56:38","guid":{"rendered":"https:\/\/www.triangleeditorial.com\/producto\/mallorca-3\/"},"modified":"2023-02-14T06:57:30","modified_gmt":"2023-02-14T06:57:30","slug":"mallorca-3","status":"publish","type":"product","link":"https:\/\/triangle.cat\/fr\/producto\/mallorca-3\/","title":{"rendered":"Mallorca"},"content":{"rendered":"","protected":false},"excerpt":{"rendered":"<p>Des criques lumineuses et des plages vierges. Des routes pour la randonn\u00e9e. La culture m\u00e9galithique des tala\u00efots.  Des parcs naturels \u00e0 S\u2019Albufera, Sa Dragonera ou Cabrera.  La cath\u00e9drale (La Seu) et le ch\u00e2teau de Bellver. L\u2019atelier de Joan Mir\u00f3. Un parcours complet \u00e0 travers la mosa\u00efque de beaut\u00e9, de couleur et de contrastes de l\u2019\u00eele. Inclut des petites cartes de zones.<\/p>\n","protected":false},"featured_media":7717,"comment_status":"closed","ping_status":"open","template":"","meta":{"_acf_changed":false,"_monsterinsights_skip_tracking":false,"_monsterinsights_sitenote_active":false,"_monsterinsights_sitenote_note":"","_monsterinsights_sitenote_category":0},"product_brand":[],"product_cat":[1569],"product_tag":[990,1031,1000,1007,1032,1088],"class_list":{"0":"post-27909","1":"product","2":"type-product","3":"status-publish","4":"has-post-thumbnail","6":"product_cat-majorque","7":"product_tag-allemand-fr","8":"product_tag-anglais-fr","9":"product_tag-espagnol-fr","10":"product_tag-francais-fr-2","11":"product_tag-italien","12":"product_tag-russe-fr","13":"pa_idioma-deutsch-fr","14":"pa_idioma-english-fr","15":"pa_idioma-espanol-fr-2","16":"pa_idioma-francais-fr","17":"pa_idioma-italiano-fr","18":"pa_idioma--fr","20":"first","21":"instock","22":"taxable","23":"shipping-taxable","24":"purchasable","25":"product-type-variable","26":"has-default-attributes"},"acf":[],"_links":{"self":[{"href":"https:\/\/triangle.cat\/fr\/wp-json\/wp\/v2\/product\/27909","targetHints":{"allow":["GET"]}}],"collection":[{"href":"https:\/\/triangle.cat\/fr\/wp-json\/wp\/v2\/product"}],"about":[{"href":"https:\/\/triangle.cat\/fr\/wp-json\/wp\/v2\/types\/product"}],"replies":[{"embeddable":true,"href":"https:\/\/triangle.cat\/fr\/wp-json\/wp\/v2\/comments?post=27909"}],"wp:featuredmedia":[{"embeddable":true,"href":"https:\/\/triangle.cat\/fr\/wp-json\/wp\/v2\/media\/7717"}],"wp:attachment":[{"href":"https:\/\/triangle.cat\/fr\/wp-json\/wp\/v2\/media?parent=27909"}],"wp:term":[{"taxonomy":"product_brand","embeddable":true,"href":"https:\/\/triangle.cat\/fr\/wp-json\/wp\/v2\/product_brand?post=27909"},{"taxonomy":"product_cat","embeddable":true,"href":"https:\/\/triangle.cat\/fr\/wp-json\/wp\/v2\/product_cat?post=27909"},{"taxonomy":"product_tag","embeddable":true,"href":"https:\/\/triangle.cat\/fr\/wp-json\/wp\/v2\/product_tag?post=27909"}],"curies":[{"name":"wp","href":"https:\/\/api.w.org\/{rel}","templated":true}]}}