
{"id":27902,"date":"2023-02-13T19:56:14","date_gmt":"2023-02-14T06:55:46","guid":{"rendered":"https:\/\/www.triangleeditorial.com\/producto\/casa-maso\/"},"modified":"2023-02-14T06:56:25","modified_gmt":"2023-02-14T06:56:25","slug":"casa-maso","status":"publish","type":"product","link":"https:\/\/triangle.cat\/fr\/producto\/casa-maso\/","title":{"rendered":"Casa Mas\u00f3"},"content":{"rendered":"","protected":false},"excerpt":{"rendered":"<p>La Casa Mas\u00f3 est la maison natale de Rafael Mas\u00f3 (1880-1935), une des \u0153uvres les plus importantes de son architecture et la seule ouverte au public parmi les maisons ic\u00f4nes qui donnent sur le fleuve de G\u00e9rone. La maison a \u00e9t\u00e9 conserv\u00e9e avec le mobilier et la d\u00e9coration de l\u2019\u00e9poque noucentista et elle offre aussi des vues in\u00e9dites sur la ville. Le livre inclut des articles sur l\u2019histoire des Mas\u00f3 et des interventions de l\u2019architecte dans sa maison, en plus d\u2019un parcours \u00e0 l\u2019int\u00e9rieur du b\u00e2timent.<\/p>\n","protected":false},"featured_media":7711,"comment_status":"closed","ping_status":"closed","template":"","meta":{"_acf_changed":false,"_monsterinsights_skip_tracking":false,"_monsterinsights_sitenote_active":false,"_monsterinsights_sitenote_note":"","_monsterinsights_sitenote_category":0},"product_brand":[],"product_cat":[1536,1560],"product_tag":[1031,961,1000,1007],"class_list":{"0":"post-27902","1":"product","2":"type-product","3":"status-publish","4":"has-post-thumbnail","6":"product_cat-art-architecture-fr","7":"product_cat-gerone-costa-brava","8":"product_tag-anglais-fr","9":"product_tag-catalan-fr","10":"product_tag-espagnol-fr","11":"product_tag-francais-fr-2","12":"pa_idioma-catalan-fr","13":"pa_idioma-english-fr","14":"pa_idioma-espanol-fr-2","15":"pa_idioma-francais-fr","17":"first","18":"instock","19":"taxable","20":"shipping-taxable","21":"purchasable","22":"product-type-variable","23":"has-default-attributes"},"acf":[],"_links":{"self":[{"href":"https:\/\/triangle.cat\/fr\/wp-json\/wp\/v2\/product\/27902","targetHints":{"allow":["GET"]}}],"collection":[{"href":"https:\/\/triangle.cat\/fr\/wp-json\/wp\/v2\/product"}],"about":[{"href":"https:\/\/triangle.cat\/fr\/wp-json\/wp\/v2\/types\/product"}],"replies":[{"embeddable":true,"href":"https:\/\/triangle.cat\/fr\/wp-json\/wp\/v2\/comments?post=27902"}],"wp:featuredmedia":[{"embeddable":true,"href":"https:\/\/triangle.cat\/fr\/wp-json\/wp\/v2\/media\/7711"}],"wp:attachment":[{"href":"https:\/\/triangle.cat\/fr\/wp-json\/wp\/v2\/media?parent=27902"}],"wp:term":[{"taxonomy":"product_brand","embeddable":true,"href":"https:\/\/triangle.cat\/fr\/wp-json\/wp\/v2\/product_brand?post=27902"},{"taxonomy":"product_cat","embeddable":true,"href":"https:\/\/triangle.cat\/fr\/wp-json\/wp\/v2\/product_cat?post=27902"},{"taxonomy":"product_tag","embeddable":true,"href":"https:\/\/triangle.cat\/fr\/wp-json\/wp\/v2\/product_tag?post=27902"}],"curies":[{"name":"wp","href":"https:\/\/api.w.org\/{rel}","templated":true}]}}