
{"id":27894,"date":"2023-02-13T19:53:40","date_gmt":"2023-02-14T06:52:29","guid":{"rendered":"https:\/\/www.triangleeditorial.com\/producto\/catalogne-3\/"},"modified":"2023-02-14T06:55:48","modified_gmt":"2023-02-14T06:55:48","slug":"catalogne-3","status":"publish","type":"product","link":"https:\/\/triangle.cat\/fr\/producto\/catalogne-3\/","title":{"rendered":"Catalogne"},"content":{"rendered":"","protected":false},"excerpt":{"rendered":"<p>La Catalogne est une nation mill\u00e9naire qui s\u2019est enrichie du passage et des contributions de cultures tr\u00e8s diverses au fil de son histoire. Cet ouvrage propose un voyage dans toutes les r\u00e9gions catalanes, dans le but d\u2019aller bien au-del\u00e0 des lieux communs et des id\u00e9es re\u00e7ues.<\/p>\n","protected":false},"featured_media":7693,"comment_status":"closed","ping_status":"open","template":"","meta":{"_acf_changed":false,"_monsterinsights_skip_tracking":false,"_monsterinsights_sitenote_active":false,"_monsterinsights_sitenote_note":"","_monsterinsights_sitenote_category":0},"product_brand":[],"product_cat":[1542,1555],"product_tag":[990,1031,961,1091,1000,1007,1032],"class_list":{"0":"post-27894","1":"product","2":"type-product","3":"status-publish","4":"has-post-thumbnail","6":"product_cat-catalogne-fr","7":"product_cat-photographie-design","8":"product_tag-allemand-fr","9":"product_tag-anglais-fr","10":"product_tag-catalan-fr","11":"product_tag-chinois-fr","12":"product_tag-espagnol-fr","13":"product_tag-francais-fr-2","14":"product_tag-italien","15":"pa_idioma-catalan-fr","16":"pa_idioma-deutsch-fr","17":"pa_idioma-english-fr","18":"pa_idioma-espanol-fr-2","19":"pa_idioma-francais-fr","20":"pa_idioma-italiano-fr","21":"pa_idioma--fr","23":"first","24":"instock","25":"taxable","26":"shipping-taxable","27":"purchasable","28":"product-type-variable","29":"has-default-attributes"},"acf":[],"_links":{"self":[{"href":"https:\/\/triangle.cat\/fr\/wp-json\/wp\/v2\/product\/27894","targetHints":{"allow":["GET"]}}],"collection":[{"href":"https:\/\/triangle.cat\/fr\/wp-json\/wp\/v2\/product"}],"about":[{"href":"https:\/\/triangle.cat\/fr\/wp-json\/wp\/v2\/types\/product"}],"replies":[{"embeddable":true,"href":"https:\/\/triangle.cat\/fr\/wp-json\/wp\/v2\/comments?post=27894"}],"wp:featuredmedia":[{"embeddable":true,"href":"https:\/\/triangle.cat\/fr\/wp-json\/wp\/v2\/media\/7693"}],"wp:attachment":[{"href":"https:\/\/triangle.cat\/fr\/wp-json\/wp\/v2\/media?parent=27894"}],"wp:term":[{"taxonomy":"product_brand","embeddable":true,"href":"https:\/\/triangle.cat\/fr\/wp-json\/wp\/v2\/product_brand?post=27894"},{"taxonomy":"product_cat","embeddable":true,"href":"https:\/\/triangle.cat\/fr\/wp-json\/wp\/v2\/product_cat?post=27894"},{"taxonomy":"product_tag","embeddable":true,"href":"https:\/\/triangle.cat\/fr\/wp-json\/wp\/v2\/product_tag?post=27894"}],"curies":[{"name":"wp","href":"https:\/\/api.w.org\/{rel}","templated":true}]}}