
{"id":27892,"date":"2023-02-13T19:53:30","date_gmt":"2023-02-14T06:52:15","guid":{"rendered":"https:\/\/www.triangleeditorial.com\/producto\/catalogne-2\/"},"modified":"2023-02-14T06:52:30","modified_gmt":"2023-02-14T06:52:30","slug":"catalogne-2","status":"publish","type":"product","link":"https:\/\/triangle.cat\/fr\/producto\/catalogne-2\/","title":{"rendered":"Catalogne"},"content":{"rendered":"","protected":false},"excerpt":{"rendered":"<p>La Catalogne est une nation mill\u00e9naire qui s\u2019est enrichie au fil de son histoire du passage et des contributions de cultures tr\u00e8s diverses. Vous d\u00e9couvrirez dans cet ouvrage la m\u00eame richesse et la m\u00eame vari\u00e9t\u00e9 de son paysage physique qui est une mosa\u00efque tr\u00e8s h\u00e9t\u00e9rog\u00e8ne d\u00e9limit\u00e9e par les Pyr\u00e9n\u00e9es, le delta de l\u2019\u00c8bre et la douceur de la M\u00e9diterran\u00e9e. L\u2019ouvrage propose un voyage dans toutes les r\u00e9gions catalanes dans le but de transcender les lieux communs habituels. Il comprend aussi une carte des r\u00e9gions du territoire pour faciliter leur compr\u00e9hension.<\/p>\n","protected":false},"featured_media":16863,"comment_status":"closed","ping_status":"closed","template":"","meta":{"_acf_changed":false,"_monsterinsights_skip_tracking":false,"_monsterinsights_sitenote_active":false,"_monsterinsights_sitenote_note":"","_monsterinsights_sitenote_category":0},"product_brand":[],"product_cat":[1542,1555],"product_tag":[1031,961,1000,1007],"class_list":{"0":"post-27892","1":"product","2":"type-product","3":"status-publish","4":"has-post-thumbnail","6":"product_cat-catalogne-fr","7":"product_cat-photographie-design","8":"product_tag-anglais-fr","9":"product_tag-catalan-fr","10":"product_tag-espagnol-fr","11":"product_tag-francais-fr-2","12":"pa_idioma-multilingue-catala-espanol-english-francais-fr","14":"first","15":"instock","16":"taxable","17":"shipping-taxable","18":"purchasable","19":"product-type-variable","20":"has-default-attributes"},"acf":[],"_links":{"self":[{"href":"https:\/\/triangle.cat\/fr\/wp-json\/wp\/v2\/product\/27892","targetHints":{"allow":["GET"]}}],"collection":[{"href":"https:\/\/triangle.cat\/fr\/wp-json\/wp\/v2\/product"}],"about":[{"href":"https:\/\/triangle.cat\/fr\/wp-json\/wp\/v2\/types\/product"}],"replies":[{"embeddable":true,"href":"https:\/\/triangle.cat\/fr\/wp-json\/wp\/v2\/comments?post=27892"}],"wp:featuredmedia":[{"embeddable":true,"href":"https:\/\/triangle.cat\/fr\/wp-json\/wp\/v2\/media\/16863"}],"wp:attachment":[{"href":"https:\/\/triangle.cat\/fr\/wp-json\/wp\/v2\/media?parent=27892"}],"wp:term":[{"taxonomy":"product_brand","embeddable":true,"href":"https:\/\/triangle.cat\/fr\/wp-json\/wp\/v2\/product_brand?post=27892"},{"taxonomy":"product_cat","embeddable":true,"href":"https:\/\/triangle.cat\/fr\/wp-json\/wp\/v2\/product_cat?post=27892"},{"taxonomy":"product_tag","embeddable":true,"href":"https:\/\/triangle.cat\/fr\/wp-json\/wp\/v2\/product_tag?post=27892"}],"curies":[{"name":"wp","href":"https:\/\/api.w.org\/{rel}","templated":true}]}}