
{"id":27884,"date":"2023-02-13T19:52:54","date_gmt":"2023-02-14T06:51:20","guid":{"rendered":"https:\/\/www.triangleeditorial.com\/producto\/dali-5\/"},"modified":"2025-01-19T23:31:24","modified_gmt":"2025-01-19T21:31:24","slug":"dali-5","status":"publish","type":"product","link":"https:\/\/triangle.cat\/fr\/producto\/dali-5\/","title":{"rendered":"Dal\u00ed"},"content":{"rendered":"","protected":false},"excerpt":{"rendered":"<p>Entre 1941 et 1958, Dal\u00ed dessina une collection de bijoux en association avec Ertman et Alemany, deux joaillers \u00e9tablis \u00e0 New York. En 1999, la fondation Gala-Salvador Dal\u00ed les acquit et les exposa dans l\u2019une des salles du Th\u00e9\u00e2tre-Mus\u00e9e Dal\u00ed de Figueres con\u00e7ue tout sp\u00e9cialement pour elle. Nous pr\u00e9sentons maintenant cet ouvrage, Dal\u00ed Bijoux, dans une \u00e9dition soign\u00e9e et d\u00e9taill\u00e9e qui comprend des textes de Dal\u00ed lui-m\u00eame sur ses bijoux. \u00ab Dans les bijoux, de m\u00eame que dans toute mon activit\u00e9 artistique, je cr\u00e9e ce que j\u2019aime le plus \u00bb Salvador Dal\u00ed<\/p>\n","protected":false},"featured_media":22315,"comment_status":"closed","ping_status":"open","template":"","meta":{"_acf_changed":false,"_monsterinsights_skip_tracking":false,"_monsterinsights_sitenote_active":false,"_monsterinsights_sitenote_note":"","_monsterinsights_sitenote_category":0},"product_brand":[],"product_cat":[1536,1498,1560,1548],"product_tag":[990,1031,961,1000,1007,1094,1088],"class_list":{"0":"post-27884","1":"product","2":"type-product","3":"status-publish","4":"has-post-thumbnail","6":"product_cat-art-architecture-fr","7":"product_cat-art-arquitecture","8":"product_cat-gerone-costa-brava","9":"product_cat-salvador-dali-fr","10":"product_tag-allemand-fr","11":"product_tag-anglais-fr","12":"product_tag-catalan-fr","13":"product_tag-espagnol-fr","14":"product_tag-francais-fr-2","15":"product_tag-japonais-fr","16":"product_tag-russe-fr","17":"pa_idioma-catalan-fr","18":"pa_idioma-deutsch-fr","19":"pa_idioma-english-fr","20":"pa_idioma-espanol-fr-2","21":"pa_idioma-francais-fr","22":"pa_idioma--fr","25":"first","26":"instock","27":"taxable","28":"shipping-taxable","29":"purchasable","30":"product-type-variable","31":"has-default-attributes"},"acf":[],"_links":{"self":[{"href":"https:\/\/triangle.cat\/fr\/wp-json\/wp\/v2\/product\/27884","targetHints":{"allow":["GET"]}}],"collection":[{"href":"https:\/\/triangle.cat\/fr\/wp-json\/wp\/v2\/product"}],"about":[{"href":"https:\/\/triangle.cat\/fr\/wp-json\/wp\/v2\/types\/product"}],"replies":[{"embeddable":true,"href":"https:\/\/triangle.cat\/fr\/wp-json\/wp\/v2\/comments?post=27884"}],"wp:featuredmedia":[{"embeddable":true,"href":"https:\/\/triangle.cat\/fr\/wp-json\/wp\/v2\/media\/22315"}],"wp:attachment":[{"href":"https:\/\/triangle.cat\/fr\/wp-json\/wp\/v2\/media?parent=27884"}],"wp:term":[{"taxonomy":"product_brand","embeddable":true,"href":"https:\/\/triangle.cat\/fr\/wp-json\/wp\/v2\/product_brand?post=27884"},{"taxonomy":"product_cat","embeddable":true,"href":"https:\/\/triangle.cat\/fr\/wp-json\/wp\/v2\/product_cat?post=27884"},{"taxonomy":"product_tag","embeddable":true,"href":"https:\/\/triangle.cat\/fr\/wp-json\/wp\/v2\/product_tag?post=27884"}],"curies":[{"name":"wp","href":"https:\/\/api.w.org\/{rel}","templated":true}]}}