
{"id":27882,"date":"2023-02-13T19:52:44","date_gmt":"2023-02-14T06:51:05","guid":{"rendered":"https:\/\/www.triangleeditorial.com\/producto\/illes-balears\/"},"modified":"2023-02-14T06:51:22","modified_gmt":"2023-02-14T06:51:22","slug":"illes-balears","status":"publish","type":"product","link":"https:\/\/triangle.cat\/fr\/producto\/illes-balears\/","title":{"rendered":"Illes Balears"},"content":{"rendered":"","protected":false},"excerpt":{"rendered":"<p>Seul des insulaires pris de nostalgie des Bal\u00e9ares pouvaient cr\u00e9er un livre tel que celui-ci. Les extraordinaires photographies de la faune, de la flore et des paysages de Majorque, Minorque, Eivissa, Formentera et Cabrera de Sebasti\u00e0 Torrens, parfois d\u00e9licates, parfois d\u2019un dramatisme prenant, constituent un manifeste passionn\u00e9 pour la conservation d\u2019une beaut\u00e9 que seule la b\u00eatise humaine peut conduire \u00e0 faire dispara\u00eetre. Ray\u00f3, Pons, Serra et Vidal Ferrando, dans des textes po\u00e9tiques fruit de leur condition radicale d\u2019insulaires, nous rendent complices de leur amour profond et inconditionnel pour les Bal\u00e9ares.<\/p>\n","protected":false},"featured_media":16810,"comment_status":"closed","ping_status":"closed","template":"","meta":{"_acf_changed":false,"_monsterinsights_skip_tracking":false,"_monsterinsights_sitenote_active":false,"_monsterinsights_sitenote_note":"","_monsterinsights_sitenote_category":0},"product_brand":[],"product_cat":[1551,1569,1572,1555],"product_tag":[990,1031,961,1000],"class_list":{"0":"post-27882","1":"product","2":"type-product","3":"status-publish","4":"has-post-thumbnail","6":"product_cat-ibiza-formentera-fr","7":"product_cat-majorque","8":"product_cat-minorque","9":"product_cat-photographie-design","10":"product_tag-allemand-fr","11":"product_tag-anglais-fr","12":"product_tag-catalan-fr","13":"product_tag-espagnol-fr","14":"pa_idioma-multilingue-catala-espanol-english-deutsch-fr","16":"first","17":"instock","18":"taxable","19":"shipping-taxable","20":"purchasable","21":"product-type-variable","22":"has-default-attributes"},"acf":[],"_links":{"self":[{"href":"https:\/\/triangle.cat\/fr\/wp-json\/wp\/v2\/product\/27882","targetHints":{"allow":["GET"]}}],"collection":[{"href":"https:\/\/triangle.cat\/fr\/wp-json\/wp\/v2\/product"}],"about":[{"href":"https:\/\/triangle.cat\/fr\/wp-json\/wp\/v2\/types\/product"}],"replies":[{"embeddable":true,"href":"https:\/\/triangle.cat\/fr\/wp-json\/wp\/v2\/comments?post=27882"}],"wp:featuredmedia":[{"embeddable":true,"href":"https:\/\/triangle.cat\/fr\/wp-json\/wp\/v2\/media\/16810"}],"wp:attachment":[{"href":"https:\/\/triangle.cat\/fr\/wp-json\/wp\/v2\/media?parent=27882"}],"wp:term":[{"taxonomy":"product_brand","embeddable":true,"href":"https:\/\/triangle.cat\/fr\/wp-json\/wp\/v2\/product_brand?post=27882"},{"taxonomy":"product_cat","embeddable":true,"href":"https:\/\/triangle.cat\/fr\/wp-json\/wp\/v2\/product_cat?post=27882"},{"taxonomy":"product_tag","embeddable":true,"href":"https:\/\/triangle.cat\/fr\/wp-json\/wp\/v2\/product_tag?post=27882"}],"curies":[{"name":"wp","href":"https:\/\/api.w.org\/{rel}","templated":true}]}}