
{"id":27877,"date":"2023-02-13T19:48:08","date_gmt":"2023-02-14T06:44:51","guid":{"rendered":"https:\/\/www.triangleeditorial.com\/producto\/gaudi-y-el-trencadis-modernista\/"},"modified":"2023-08-02T12:45:57","modified_gmt":"2023-08-02T10:45:57","slug":"gaudi-y-el-trencadis-modernista","status":"publish","type":"product","link":"https:\/\/triangle.cat\/fr\/producto\/gaudi-y-el-trencadis-modernista\/","title":{"rendered":"Gaud\u00ed y el trencad\u00eds modernista"},"content":{"rendered":"","protected":false},"excerpt":{"rendered":"<p>Le trencad\u00eds c\u00e9ramique est l\u2019ic\u00f4ne plus repr\u00e9sentatif du Modernisme et de l\u2019architecture d\u2019Antoni Gaud\u00ed. Sans son application, le banc du Park G\u00fcell ou la fa\u00e7ade de la Casa Batll\u00f3, par exemple, seraient m\u00e9connaissables. Ce livre parcourt pas \u00e0 pas, \u0153uvre apr\u00e8s, \u0153uvre l\u2019utilisation que Gaud\u00ed fit de la technique du trencad\u00eds sans oublier le contexte historique et culturel de l\u2019architecte ; les diff\u00e9rentes techniques du grand fr\u00e8re du trencad\u00eds : la mosa\u00efque classique et du monde arabe et les diff\u00e9rents mat\u00e9riaux employ\u00e9s par Gaud\u00ed, ainsi que sa fonctionnalit\u00e9.<\/p>\n","protected":false},"featured_media":17238,"comment_status":"closed","ping_status":"closed","template":"","meta":{"_acf_changed":false,"_monsterinsights_skip_tracking":false,"_monsterinsights_sitenote_active":false,"_monsterinsights_sitenote_note":"","_monsterinsights_sitenote_category":0},"product_brand":[],"product_cat":[1557,1536],"product_tag":[1031,1000],"class_list":{"0":"post-27877","1":"product","2":"type-product","3":"status-publish","4":"has-post-thumbnail","6":"product_cat-antoni-gaudi-fr","7":"product_cat-art-architecture-fr","8":"product_tag-anglais-fr","9":"product_tag-espagnol-fr","10":"pa_idioma-multilingue-english-espanol-fr","11":"pa_idioma-multilingue-espanol-english-fr","13":"first","14":"instock","15":"taxable","16":"shipping-taxable","17":"purchasable","18":"product-type-variable","19":"has-default-attributes"},"acf":[],"_links":{"self":[{"href":"https:\/\/triangle.cat\/fr\/wp-json\/wp\/v2\/product\/27877","targetHints":{"allow":["GET"]}}],"collection":[{"href":"https:\/\/triangle.cat\/fr\/wp-json\/wp\/v2\/product"}],"about":[{"href":"https:\/\/triangle.cat\/fr\/wp-json\/wp\/v2\/types\/product"}],"replies":[{"embeddable":true,"href":"https:\/\/triangle.cat\/fr\/wp-json\/wp\/v2\/comments?post=27877"}],"wp:featuredmedia":[{"embeddable":true,"href":"https:\/\/triangle.cat\/fr\/wp-json\/wp\/v2\/media\/17238"}],"wp:attachment":[{"href":"https:\/\/triangle.cat\/fr\/wp-json\/wp\/v2\/media?parent=27877"}],"wp:term":[{"taxonomy":"product_brand","embeddable":true,"href":"https:\/\/triangle.cat\/fr\/wp-json\/wp\/v2\/product_brand?post=27877"},{"taxonomy":"product_cat","embeddable":true,"href":"https:\/\/triangle.cat\/fr\/wp-json\/wp\/v2\/product_cat?post=27877"},{"taxonomy":"product_tag","embeddable":true,"href":"https:\/\/triangle.cat\/fr\/wp-json\/wp\/v2\/product_tag?post=27877"}],"curies":[{"name":"wp","href":"https:\/\/api.w.org\/{rel}","templated":true}]}}