
{"id":27871,"date":"2023-02-13T19:47:41","date_gmt":"2023-02-14T06:43:56","guid":{"rendered":"https:\/\/www.triangleeditorial.com\/producto\/guide-de-la-cathedrale-de-tarragone\/"},"modified":"2023-03-10T13:18:04","modified_gmt":"2023-03-10T13:18:04","slug":"guide-de-la-cathedrale-de-tarragone","status":"publish","type":"product","link":"https:\/\/triangle.cat\/fr\/producto\/guide-de-la-cathedrale-de-tarragone\/","title":{"rendered":"Guide de la Cath\u00e9drale de Tarragone"},"content":{"rendered":"","protected":false},"excerpt":{"rendered":"<p>La cath\u00e9drale m\u00e9tropolitaine et primatiale de Tarragone, d\u00e9di\u00e9e \u00e0 sainte Th\u00e8cle, peut \u00eatre class\u00e9e dans le style gothique primitif et est \u00e0 ses d\u00e9buts li\u00e9e au style roman. La solidit\u00e9 de son architecture, son allure colossale, son \u00e9l\u00e9gance s\u00e9v\u00e8re et sa richesse ornementale caract\u00e9risent l\u2019\u00e9difice, o\u00f9 diff\u00e9rents styles et des \u0153uvres d\u2019art uniques disent l\u2019excellence de cet embl\u00e9matique lieu de culte. Par sa monumentalit\u00e9 et l\u2019harmonie de sa structure, elle est consid\u00e9r\u00e9e comme la principale cath\u00e9drale gothique de Catalogne.<\/p>\n","protected":false},"featured_media":30725,"comment_status":"closed","ping_status":"open","template":"","meta":{"_acf_changed":false,"_monsterinsights_skip_tracking":false,"_monsterinsights_sitenote_active":false,"_monsterinsights_sitenote_note":"","_monsterinsights_sitenote_category":0},"product_brand":[],"product_cat":[1536,1498,1542,1505],"product_tag":[990,1031,961,1000,1007],"class_list":{"0":"post-27871","1":"product","2":"type-product","3":"status-publish","4":"has-post-thumbnail","6":"product_cat-art-architecture-fr","7":"product_cat-art-arquitecture","8":"product_cat-catalogne-fr","9":"product_cat-collection-patrimonium","10":"product_tag-allemand-fr","11":"product_tag-anglais-fr","12":"product_tag-catalan-fr","13":"product_tag-espagnol-fr","14":"product_tag-francais-fr-2","15":"pa_idioma-catalan-fr","16":"pa_idioma-deutsch-fr","17":"pa_idioma-english-fr","18":"pa_idioma-espanol-fr-2","19":"pa_idioma-francais-fr","21":"first","22":"instock","23":"taxable","24":"shipping-taxable","25":"purchasable","26":"product-type-variable","27":"has-default-attributes"},"acf":[],"_links":{"self":[{"href":"https:\/\/triangle.cat\/fr\/wp-json\/wp\/v2\/product\/27871","targetHints":{"allow":["GET"]}}],"collection":[{"href":"https:\/\/triangle.cat\/fr\/wp-json\/wp\/v2\/product"}],"about":[{"href":"https:\/\/triangle.cat\/fr\/wp-json\/wp\/v2\/types\/product"}],"replies":[{"embeddable":true,"href":"https:\/\/triangle.cat\/fr\/wp-json\/wp\/v2\/comments?post=27871"}],"wp:featuredmedia":[{"embeddable":true,"href":"https:\/\/triangle.cat\/fr\/wp-json\/wp\/v2\/media\/30725"}],"wp:attachment":[{"href":"https:\/\/triangle.cat\/fr\/wp-json\/wp\/v2\/media?parent=27871"}],"wp:term":[{"taxonomy":"product_brand","embeddable":true,"href":"https:\/\/triangle.cat\/fr\/wp-json\/wp\/v2\/product_brand?post=27871"},{"taxonomy":"product_cat","embeddable":true,"href":"https:\/\/triangle.cat\/fr\/wp-json\/wp\/v2\/product_cat?post=27871"},{"taxonomy":"product_tag","embeddable":true,"href":"https:\/\/triangle.cat\/fr\/wp-json\/wp\/v2\/product_tag?post=27871"}],"curies":[{"name":"wp","href":"https:\/\/api.w.org\/{rel}","templated":true}]}}