
{"id":27859,"date":"2023-02-13T19:46:45","date_gmt":"2023-02-14T06:42:33","guid":{"rendered":"https:\/\/www.triangleeditorial.com\/producto\/ensemble-monumental-de-sant-pere-de-rodes\/"},"modified":"2023-02-14T06:43:08","modified_gmt":"2023-02-14T06:43:08","slug":"ensemble-monumental-de-sant-pere-de-rodes","status":"publish","type":"product","link":"https:\/\/triangle.cat\/fr\/producto\/ensemble-monumental-de-sant-pere-de-rodes\/","title":{"rendered":"Ensemble monumental de Sant Pere de Rodes"},"content":{"rendered":"","protected":false},"excerpt":{"rendered":"<p>Situ\u00e9 dans un impressionnant environnement naturel \u2014 la vue qu\u2019on y a sur la M\u00e9diterran\u00e9e est difficilement oubliable \u2014, l\u2019ensemble monumental de la sierra de Rodes comprend l\u2019abbaye Sant Pere de Rodes, le ch\u00e2teau de Sant Salvador de Verdera et le village de Santa Creu.  Les trois ordres qui composaient la soci\u00e9t\u00e9 f\u00e9odale, les oratores, les bellatores et les laboratores, ont laiss\u00e9 l\u00e0 une empreinte exceptionnelle. La visite de cet ensemble monumental nous fait p\u00e9n\u00e9trer au c\u0153ur de l\u2019organisation de la soci\u00e9t\u00e9 m\u00e9di\u00e9vale.<\/p>\n","protected":false},"featured_media":22300,"comment_status":"closed","ping_status":"open","template":"","meta":{"_acf_changed":false,"_monsterinsights_skip_tracking":false,"_monsterinsights_sitenote_active":false,"_monsterinsights_sitenote_note":"","_monsterinsights_sitenote_category":0},"product_brand":[],"product_cat":[1536,1498,1505,1560],"product_tag":[1031,961,1000,1007],"class_list":{"0":"post-27859","1":"product","2":"type-product","3":"status-publish","4":"has-post-thumbnail","6":"product_cat-art-architecture-fr","7":"product_cat-art-arquitecture","8":"product_cat-collection-patrimonium","9":"product_cat-gerone-costa-brava","10":"product_tag-anglais-fr","11":"product_tag-catalan-fr","12":"product_tag-espagnol-fr","13":"product_tag-francais-fr-2","14":"pa_idioma-catalan-fr","15":"pa_idioma-english-fr","16":"pa_idioma-espanol-fr-2","17":"pa_idioma-francais-fr","19":"first","20":"instock","21":"taxable","22":"shipping-taxable","23":"purchasable","24":"product-type-variable","25":"has-default-attributes"},"acf":[],"_links":{"self":[{"href":"https:\/\/triangle.cat\/fr\/wp-json\/wp\/v2\/product\/27859","targetHints":{"allow":["GET"]}}],"collection":[{"href":"https:\/\/triangle.cat\/fr\/wp-json\/wp\/v2\/product"}],"about":[{"href":"https:\/\/triangle.cat\/fr\/wp-json\/wp\/v2\/types\/product"}],"replies":[{"embeddable":true,"href":"https:\/\/triangle.cat\/fr\/wp-json\/wp\/v2\/comments?post=27859"}],"wp:featuredmedia":[{"embeddable":true,"href":"https:\/\/triangle.cat\/fr\/wp-json\/wp\/v2\/media\/22300"}],"wp:attachment":[{"href":"https:\/\/triangle.cat\/fr\/wp-json\/wp\/v2\/media?parent=27859"}],"wp:term":[{"taxonomy":"product_brand","embeddable":true,"href":"https:\/\/triangle.cat\/fr\/wp-json\/wp\/v2\/product_brand?post=27859"},{"taxonomy":"product_cat","embeddable":true,"href":"https:\/\/triangle.cat\/fr\/wp-json\/wp\/v2\/product_cat?post=27859"},{"taxonomy":"product_tag","embeddable":true,"href":"https:\/\/triangle.cat\/fr\/wp-json\/wp\/v2\/product_tag?post=27859"}],"curies":[{"name":"wp","href":"https:\/\/api.w.org\/{rel}","templated":true}]}}