
{"id":27850,"date":"2023-02-13T19:46:19","date_gmt":"2023-02-14T06:41:55","guid":{"rendered":"https:\/\/www.triangleeditorial.com\/producto\/27850\/"},"modified":"2023-02-14T06:42:35","modified_gmt":"2023-02-14T06:42:35","slug":"27850","status":"publish","type":"product","link":"https:\/\/triangle.cat\/fr\/producto\/27850\/","title":{"rendered":""},"content":{"rendered":"","protected":false},"excerpt":{"rendered":"<p>Sur la rive gauche de la petite rivi\u00e8re Gai\u00e0 se dresse l\u2019un des grands monast\u00e8res cisterciens d\u2019Europe, le monast\u00e8re royal de\u00a0Santes Creus. Fond\u00e9 en 1160 par des moines venus de l\u2019abbaye de\u00a0Grandselve, il est l\u2019un des plus beaux exemples du canon cistercien. Puis, au d\u00e9but du xive si\u00e8cle, suite \u00e0 sa d\u00e9signation comme premier panth\u00e9on des rois de la Couronne d\u2019Aragon, Santes\u00a0Creus devient la porte d\u2019entr\u00e9e de l\u2019art gothique en Catalogne. Le d\u00e9pouillement cistercien et la richesse d\u00e9corative de\u00a0l\u2019art gothique dialoguent encore aujourd\u2019hui dans ce monast\u00e8re, ce qui lui conf\u00e8re une identit\u00e9 \u00e0 nulle autre pareille.<\/p>\n","protected":false},"featured_media":27851,"comment_status":"closed","ping_status":"open","template":"","meta":{"_acf_changed":false,"_monsterinsights_skip_tracking":false,"_monsterinsights_sitenote_active":false,"_monsterinsights_sitenote_note":"","_monsterinsights_sitenote_category":0},"product_brand":[],"product_cat":[1536,1498,1504,1542,1505],"product_tag":[],"class_list":{"0":"post-27850","1":"product","2":"type-product","3":"status-publish","4":"has-post-thumbnail","6":"product_cat-art-architecture-fr","7":"product_cat-art-arquitecture","8":"product_cat-catalogne","9":"product_cat-catalogne-fr","10":"product_cat-collection-patrimonium","11":"pa_idioma-catalan-fr","12":"pa_idioma-english-fr","13":"pa_idioma-espanol-fr-2","14":"pa_idioma-francais-fr","16":"first","17":"instock","18":"taxable","19":"shipping-taxable","20":"purchasable","21":"product-type-variable","22":"has-default-attributes"},"acf":[],"_links":{"self":[{"href":"https:\/\/triangle.cat\/fr\/wp-json\/wp\/v2\/product\/27850","targetHints":{"allow":["GET"]}}],"collection":[{"href":"https:\/\/triangle.cat\/fr\/wp-json\/wp\/v2\/product"}],"about":[{"href":"https:\/\/triangle.cat\/fr\/wp-json\/wp\/v2\/types\/product"}],"replies":[{"embeddable":true,"href":"https:\/\/triangle.cat\/fr\/wp-json\/wp\/v2\/comments?post=27850"}],"wp:featuredmedia":[{"embeddable":true,"href":"https:\/\/triangle.cat\/fr\/wp-json\/wp\/v2\/media\/27851"}],"wp:attachment":[{"href":"https:\/\/triangle.cat\/fr\/wp-json\/wp\/v2\/media?parent=27850"}],"wp:term":[{"taxonomy":"product_brand","embeddable":true,"href":"https:\/\/triangle.cat\/fr\/wp-json\/wp\/v2\/product_brand?post=27850"},{"taxonomy":"product_cat","embeddable":true,"href":"https:\/\/triangle.cat\/fr\/wp-json\/wp\/v2\/product_cat?post=27850"},{"taxonomy":"product_tag","embeddable":true,"href":"https:\/\/triangle.cat\/fr\/wp-json\/wp\/v2\/product_tag?post=27850"}],"curies":[{"name":"wp","href":"https:\/\/api.w.org\/{rel}","templated":true}]}}