
{"id":27836,"date":"2023-02-13T19:44:23","date_gmt":"2023-02-14T06:39:13","guid":{"rendered":"https:\/\/www.triangleeditorial.com\/producto\/chateau-gala-dali\/"},"modified":"2023-02-14T06:40:09","modified_gmt":"2023-02-14T06:40:09","slug":"chateau-gala-dali","status":"publish","type":"product","link":"https:\/\/triangle.cat\/fr\/producto\/chateau-gala-dali\/","title":{"rendered":"Chateau Gala Dal\u00ed"},"content":{"rendered":"","protected":false},"excerpt":{"rendered":"<p>Dans ce qu\u2019il est convenu d\u2019appeler le triangle dalinien, le ch\u00e2teau de P\u00fabol est le plus aust\u00e8re et le plus en rapport avec la derni\u00e8re phase cr\u00e9ative de l\u2019artiste. C\u2019est le lieu que Dal\u00ed offrit \u00e0 sa compagne, celui qu\u2019il lui donna en hommage. C\u2019est un lieu d\u2019isolement, m\u00e9lancolique, aux airs proustiens, de recherche d\u2019un monde perdu, de projection subjective.<\/p>\n","protected":false},"featured_media":22288,"comment_status":"closed","ping_status":"open","template":"","meta":{"_acf_changed":false,"_monsterinsights_skip_tracking":false,"_monsterinsights_sitenote_active":false,"_monsterinsights_sitenote_note":"","_monsterinsights_sitenote_category":0},"product_brand":[],"product_cat":[1498,1504,1560,1548],"product_tag":[990,1031,961,1000,1007,1032,1088],"class_list":{"0":"post-27836","1":"product","2":"type-product","3":"status-publish","4":"has-post-thumbnail","6":"product_cat-art-arquitecture","7":"product_cat-catalogne","8":"product_cat-gerone-costa-brava","9":"product_cat-salvador-dali-fr","10":"product_tag-allemand-fr","11":"product_tag-anglais-fr","12":"product_tag-catalan-fr","13":"product_tag-espagnol-fr","14":"product_tag-francais-fr-2","15":"product_tag-italien","16":"product_tag-russe-fr","17":"pa_idioma-catalan-fr","18":"pa_idioma-deutsch-fr","19":"pa_idioma-english-fr","20":"pa_idioma-espanol-fr-2","21":"pa_idioma-francais-fr","22":"pa_idioma-italiano-fr","23":"pa_idioma--fr","25":"first","26":"instock","27":"taxable","28":"shipping-taxable","29":"purchasable","30":"product-type-variable","31":"has-default-attributes"},"acf":[],"_links":{"self":[{"href":"https:\/\/triangle.cat\/fr\/wp-json\/wp\/v2\/product\/27836","targetHints":{"allow":["GET"]}}],"collection":[{"href":"https:\/\/triangle.cat\/fr\/wp-json\/wp\/v2\/product"}],"about":[{"href":"https:\/\/triangle.cat\/fr\/wp-json\/wp\/v2\/types\/product"}],"replies":[{"embeddable":true,"href":"https:\/\/triangle.cat\/fr\/wp-json\/wp\/v2\/comments?post=27836"}],"wp:featuredmedia":[{"embeddable":true,"href":"https:\/\/triangle.cat\/fr\/wp-json\/wp\/v2\/media\/22288"}],"wp:attachment":[{"href":"https:\/\/triangle.cat\/fr\/wp-json\/wp\/v2\/media?parent=27836"}],"wp:term":[{"taxonomy":"product_brand","embeddable":true,"href":"https:\/\/triangle.cat\/fr\/wp-json\/wp\/v2\/product_brand?post=27836"},{"taxonomy":"product_cat","embeddable":true,"href":"https:\/\/triangle.cat\/fr\/wp-json\/wp\/v2\/product_cat?post=27836"},{"taxonomy":"product_tag","embeddable":true,"href":"https:\/\/triangle.cat\/fr\/wp-json\/wp\/v2\/product_tag?post=27836"}],"curies":[{"name":"wp","href":"https:\/\/api.w.org\/{rel}","templated":true}]}}