
{"id":26655,"date":"2023-02-13T14:41:08","date_gmt":"2023-02-13T14:41:08","guid":{"rendered":"https:\/\/www.triangleeditorial.com\/producto\/salvador-dali\/"},"modified":"2023-02-13T16:57:34","modified_gmt":"2023-02-13T16:57:34","slug":"salvador-dali","status":"publish","type":"product","link":"https:\/\/triangle.cat\/fr\/producto\/salvador-dali\/","title":{"rendered":"Salvador Dal\u00ed"},"content":{"rendered":"","protected":false},"excerpt":{"rendered":"<p>Au milieu des criques du Cap de Creus s\u2019\u00e9l\u00e8ve le refuge secret de Salvador Dal\u00ed et de sa muse, Gala. C\u2019est une r\u00e9sidence unique, pleine de surprises et de d\u00e9corations atypiques con\u00e7ues par l\u2019imagination d\u00e9bordante du g\u00e9nie. Cet ouvrage est un voyage au c\u0153ur du monde de l\u2019artiste dans un environnement naturel privil\u00e9gi\u00e9, qui lui inspira la majorit\u00e9 de ses chefs-d\u2019\u0153uvre d\u2019ailleurs.<\/p>\n","protected":false},"featured_media":22276,"comment_status":"closed","ping_status":"closed","template":"","meta":{"_acf_changed":false,"_monsterinsights_skip_tracking":false,"_monsterinsights_sitenote_active":false,"_monsterinsights_sitenote_note":"","_monsterinsights_sitenote_category":0},"product_brand":[],"product_cat":[1498,1504,1560,1548],"product_tag":[990,1031,961,1000,1007,1032,1088],"class_list":{"0":"post-26655","1":"product","2":"type-product","3":"status-publish","4":"has-post-thumbnail","6":"product_cat-art-arquitecture","7":"product_cat-catalogne","8":"product_cat-gerone-costa-brava","9":"product_cat-salvador-dali-fr","10":"product_tag-allemand-fr","11":"product_tag-anglais-fr","12":"product_tag-catalan-fr","13":"product_tag-espagnol-fr","14":"product_tag-francais-fr-2","15":"product_tag-italien","16":"product_tag-russe-fr","17":"pa_idioma-catalan-fr","18":"pa_idioma-deutsch-fr","19":"pa_idioma-english-fr","20":"pa_idioma-espanol-fr-2","21":"pa_idioma-francais-fr","22":"pa_idioma-italiano-fr","23":"pa_idioma--fr","25":"first","26":"instock","27":"taxable","28":"shipping-taxable","29":"purchasable","30":"product-type-variable","31":"has-default-attributes"},"acf":[],"_links":{"self":[{"href":"https:\/\/triangle.cat\/fr\/wp-json\/wp\/v2\/product\/26655","targetHints":{"allow":["GET"]}}],"collection":[{"href":"https:\/\/triangle.cat\/fr\/wp-json\/wp\/v2\/product"}],"about":[{"href":"https:\/\/triangle.cat\/fr\/wp-json\/wp\/v2\/types\/product"}],"replies":[{"embeddable":true,"href":"https:\/\/triangle.cat\/fr\/wp-json\/wp\/v2\/comments?post=26655"}],"wp:featuredmedia":[{"embeddable":true,"href":"https:\/\/triangle.cat\/fr\/wp-json\/wp\/v2\/media\/22276"}],"wp:attachment":[{"href":"https:\/\/triangle.cat\/fr\/wp-json\/wp\/v2\/media?parent=26655"}],"wp:term":[{"taxonomy":"product_brand","embeddable":true,"href":"https:\/\/triangle.cat\/fr\/wp-json\/wp\/v2\/product_brand?post=26655"},{"taxonomy":"product_cat","embeddable":true,"href":"https:\/\/triangle.cat\/fr\/wp-json\/wp\/v2\/product_cat?post=26655"},{"taxonomy":"product_tag","embeddable":true,"href":"https:\/\/triangle.cat\/fr\/wp-json\/wp\/v2\/product_tag?post=26655"}],"curies":[{"name":"wp","href":"https:\/\/api.w.org\/{rel}","templated":true}]}}