
{"id":26646,"date":"2023-02-13T14:40:29","date_gmt":"2023-02-13T16:55:32","guid":{"rendered":"https:\/\/www.triangleeditorial.com\/producto\/park-guell\/"},"modified":"2024-01-22T13:23:10","modified_gmt":"2024-01-22T11:23:10","slug":"park-guell","status":"publish","type":"product","link":"https:\/\/triangle.cat\/fr\/producto\/park-guell\/","title":{"rendered":"Park G\u00fcell"},"content":{"rendered":"","protected":false},"excerpt":{"rendered":"<p>Nous vous invitons \u00e0 parcourir un monde magique de r\u00eave et de beaut\u00e9, celui d\u2019un parc de l\u00e9gende !  Le Guide du Park G\u00fcell propose un parcours complet, minutieux et ordonn\u00e9 au c\u0153ur de cette extraordinaire r\u00e9alisation d\u2019Antoni Gaud\u00ed.  Les nombreuses photos comment\u00e9es, les d\u00e9tails historiques, la description d\u2019apports artistiques en avance sur leur temps et leur valeur symbolique, les curiosit\u00e9s, les \u00ab petits secrets \u00bb et la carte d\u00e9taill\u00e9e du parc vous permettront d\u2019optimiser cette exp\u00e9rience unique.<\/p>\n","protected":false},"featured_media":22263,"comment_status":"closed","ping_status":"open","template":"","meta":{"_acf_changed":false,"_monsterinsights_skip_tracking":false,"_monsterinsights_sitenote_active":false,"_monsterinsights_sitenote_note":"","_monsterinsights_sitenote_category":0},"product_brand":[],"product_cat":[1557,1536,1498,1500],"product_tag":[990,1031,961,1000,1007,1032,1094],"class_list":{"0":"post-26646","1":"product","2":"type-product","3":"status-publish","4":"has-post-thumbnail","6":"product_cat-antoni-gaudi-fr","7":"product_cat-art-architecture-fr","8":"product_cat-art-arquitecture","9":"product_cat-barcelone","10":"product_tag-allemand-fr","11":"product_tag-anglais-fr","12":"product_tag-catalan-fr","13":"product_tag-espagnol-fr","14":"product_tag-francais-fr-2","15":"product_tag-italien","16":"product_tag-japonais-fr","17":"pa_idioma-catalan-fr","18":"pa_idioma-coreen","19":"pa_idioma-deutsch-fr","20":"pa_idioma-english-fr","21":"pa_idioma-espanol-fr-2","22":"pa_idioma-francais-fr","23":"pa_idioma-italiano-fr","24":"pa_idioma--fr","26":"first","27":"instock","28":"taxable","29":"shipping-taxable","30":"purchasable","31":"product-type-variable","32":"has-default-attributes"},"acf":[],"_links":{"self":[{"href":"https:\/\/triangle.cat\/fr\/wp-json\/wp\/v2\/product\/26646","targetHints":{"allow":["GET"]}}],"collection":[{"href":"https:\/\/triangle.cat\/fr\/wp-json\/wp\/v2\/product"}],"about":[{"href":"https:\/\/triangle.cat\/fr\/wp-json\/wp\/v2\/types\/product"}],"replies":[{"embeddable":true,"href":"https:\/\/triangle.cat\/fr\/wp-json\/wp\/v2\/comments?post=26646"}],"wp:featuredmedia":[{"embeddable":true,"href":"https:\/\/triangle.cat\/fr\/wp-json\/wp\/v2\/media\/22263"}],"wp:attachment":[{"href":"https:\/\/triangle.cat\/fr\/wp-json\/wp\/v2\/media?parent=26646"}],"wp:term":[{"taxonomy":"product_brand","embeddable":true,"href":"https:\/\/triangle.cat\/fr\/wp-json\/wp\/v2\/product_brand?post=26646"},{"taxonomy":"product_cat","embeddable":true,"href":"https:\/\/triangle.cat\/fr\/wp-json\/wp\/v2\/product_cat?post=26646"},{"taxonomy":"product_tag","embeddable":true,"href":"https:\/\/triangle.cat\/fr\/wp-json\/wp\/v2\/product_tag?post=26646"}],"curies":[{"name":"wp","href":"https:\/\/api.w.org\/{rel}","templated":true}]}}