
{"id":26643,"date":"2023-02-13T14:39:57","date_gmt":"2023-02-13T16:54:49","guid":{"rendered":"https:\/\/www.triangleeditorial.com\/producto\/pirineus-catalans\/"},"modified":"2024-06-05T21:26:29","modified_gmt":"2024-06-05T19:26:29","slug":"pirineus-catalans","status":"publish","type":"product","link":"https:\/\/triangle.cat\/fr\/producto\/pirineus-catalans\/","title":{"rendered":"Pirineus Catalans"},"content":{"rendered":"","protected":false},"excerpt":{"rendered":"<p>Sergi Lara, guide professionnel de montagne chevronn\u00e9, nous introduit, \u00e0 travers ces 10\u00a0meilleures travers\u00e9es \u00e0 pied, entre la for\u00eat atlantique et m\u00e9diterran\u00e9enne, les terrains rocheux calcaires et granitiques, dans un environnement naturel qui se montre tellement puissant qu\u2019il s\u2019impose \u00e0 n\u2019importe quelle \u0153uvre humaine moderne. Si de plus on y ajoute une richesse culturelle qui a peupl\u00e9 ses confins depuis des mill\u00e9naires, la route \u00e0 pied \u00e0 travers les Pyr\u00e9n\u00e9es catalanes fournit une des exp\u00e9riences humaines les plus choisies.<\/p>\n","protected":false},"featured_media":20028,"comment_status":"closed","ping_status":"closed","template":"","meta":{"_acf_changed":false,"_monsterinsights_skip_tracking":false,"_monsterinsights_sitenote_active":false,"_monsterinsights_sitenote_note":"","_monsterinsights_sitenote_category":0},"product_brand":[],"product_cat":[1542,1504,1522],"product_tag":[961,1000],"class_list":{"0":"post-26643","1":"product","2":"type-product","3":"status-publish","4":"has-post-thumbnail","6":"product_cat-catalogne-fr","7":"product_cat-catalogne","8":"product_cat-randonnee-et-velo","9":"product_tag-catalan-fr","10":"product_tag-espagnol-fr","11":"pa_idioma-catalan-fr","12":"pa_idioma-espanol-fr-2","14":"first","15":"instock","16":"taxable","17":"shipping-taxable","18":"purchasable","19":"product-type-variable","20":"has-default-attributes"},"acf":[],"_links":{"self":[{"href":"https:\/\/triangle.cat\/fr\/wp-json\/wp\/v2\/product\/26643","targetHints":{"allow":["GET"]}}],"collection":[{"href":"https:\/\/triangle.cat\/fr\/wp-json\/wp\/v2\/product"}],"about":[{"href":"https:\/\/triangle.cat\/fr\/wp-json\/wp\/v2\/types\/product"}],"replies":[{"embeddable":true,"href":"https:\/\/triangle.cat\/fr\/wp-json\/wp\/v2\/comments?post=26643"}],"wp:featuredmedia":[{"embeddable":true,"href":"https:\/\/triangle.cat\/fr\/wp-json\/wp\/v2\/media\/20028"}],"wp:attachment":[{"href":"https:\/\/triangle.cat\/fr\/wp-json\/wp\/v2\/media?parent=26643"}],"wp:term":[{"taxonomy":"product_brand","embeddable":true,"href":"https:\/\/triangle.cat\/fr\/wp-json\/wp\/v2\/product_brand?post=26643"},{"taxonomy":"product_cat","embeddable":true,"href":"https:\/\/triangle.cat\/fr\/wp-json\/wp\/v2\/product_cat?post=26643"},{"taxonomy":"product_tag","embeddable":true,"href":"https:\/\/triangle.cat\/fr\/wp-json\/wp\/v2\/product_tag?post=26643"}],"curies":[{"name":"wp","href":"https:\/\/api.w.org\/{rel}","templated":true}]}}