
{"id":26637,"date":"2023-02-13T14:38:51","date_gmt":"2023-02-13T16:53:21","guid":{"rendered":"https:\/\/www.triangleeditorial.com\/producto\/les-pyrenees-geronaises-costa-brava\/"},"modified":"2026-01-01T15:15:51","modified_gmt":"2026-01-01T13:15:51","slug":"les-pyrenees-geronaises-costa-brava","status":"publish","type":"product","link":"https:\/\/triangle.cat\/fr\/producto\/les-pyrenees-geronaises-costa-brava\/","title":{"rendered":"Les Pyr\u00e9n\u00e9es G\u00e9ronaises &#8211; Costa Brava"},"content":{"rendered":"","protected":false},"excerpt":{"rendered":"<p>Las terres de Girona ont \u00e9t\u00e9 des carrefours tout au long de l\u2019histoire. Pour d\u00e9couvrir les Pyr\u00e9n\u00e9es de Girona et la Costa Brava, qui de mieux que Sergi Lara (g\u00e9ographe, \u00e9crivain, photographe et guide de montagne professionnel) qui a s\u00e9lectionn\u00e9 51 des routes les plus embl\u00e9matiques, \u00e0 faire \u00e0 pied, en v\u00e9lo et en kayak de mer, justement dans le but de mettre en valeur une des meilleures destinations du monde pour la pratique du tourisme actif et de nature.<\/p>\n","protected":false},"featured_media":22239,"comment_status":"closed","ping_status":"open","template":"","meta":{"_acf_changed":false,"_monsterinsights_skip_tracking":false,"_monsterinsights_sitenote_active":false,"_monsterinsights_sitenote_note":"","_monsterinsights_sitenote_category":0},"product_brand":[],"product_cat":[1504,1560,1522],"product_tag":[990,1031,961,1000,1007],"class_list":{"0":"post-26637","1":"product","2":"type-product","3":"status-publish","4":"has-post-thumbnail","6":"product_cat-catalogne","7":"product_cat-gerone-costa-brava","8":"product_cat-randonnee-et-velo","9":"product_tag-allemand-fr","10":"product_tag-anglais-fr","11":"product_tag-catalan-fr","12":"product_tag-espagnol-fr","13":"product_tag-francais-fr-2","14":"pa_idioma-catalan-fr","15":"pa_idioma-deutsch-fr","16":"pa_idioma-english-fr","17":"pa_idioma-espanol-fr-2","18":"pa_idioma-francais-fr","20":"first","21":"instock","22":"taxable","23":"shipping-taxable","24":"purchasable","25":"product-type-variable","26":"has-default-attributes"},"acf":[],"_links":{"self":[{"href":"https:\/\/triangle.cat\/fr\/wp-json\/wp\/v2\/product\/26637","targetHints":{"allow":["GET"]}}],"collection":[{"href":"https:\/\/triangle.cat\/fr\/wp-json\/wp\/v2\/product"}],"about":[{"href":"https:\/\/triangle.cat\/fr\/wp-json\/wp\/v2\/types\/product"}],"replies":[{"embeddable":true,"href":"https:\/\/triangle.cat\/fr\/wp-json\/wp\/v2\/comments?post=26637"}],"wp:featuredmedia":[{"embeddable":true,"href":"https:\/\/triangle.cat\/fr\/wp-json\/wp\/v2\/media\/22239"}],"wp:attachment":[{"href":"https:\/\/triangle.cat\/fr\/wp-json\/wp\/v2\/media?parent=26637"}],"wp:term":[{"taxonomy":"product_brand","embeddable":true,"href":"https:\/\/triangle.cat\/fr\/wp-json\/wp\/v2\/product_brand?post=26637"},{"taxonomy":"product_cat","embeddable":true,"href":"https:\/\/triangle.cat\/fr\/wp-json\/wp\/v2\/product_cat?post=26637"},{"taxonomy":"product_tag","embeddable":true,"href":"https:\/\/triangle.cat\/fr\/wp-json\/wp\/v2\/product_tag?post=26637"}],"curies":[{"name":"wp","href":"https:\/\/api.w.org\/{rel}","templated":true}]}}