
{"id":26625,"date":"2023-07-28T19:14:55","date_gmt":"2023-07-13T14:36:55","guid":{"rendered":"https:\/\/www.triangleeditorial.com\/producto\/26625\/"},"modified":"2025-01-25T13:48:14","modified_gmt":"2025-01-25T11:48:14","slug":"26625","status":"publish","type":"product","link":"https:\/\/triangle.cat\/fr\/producto\/26625\/","title":{"rendered":"Le Monast\u00e8re de Pedralbes"},"content":{"rendered":"","protected":false},"excerpt":{"rendered":"<p>Le monast\u00e8re royal de Santa Maria de Pedralbes est l\u2019un des plus beaux exemples de l\u2019art gothique catalan. Il a \u00e9t\u00e9 fond\u00e9 en 1327 par une reine, Elisenda de Montcada, derni\u00e8re \u00e9pouse de Jacques II le Juste, \u00e0 l\u2019intention d\u2019une communaut\u00e9 f\u00e9minine qui observait la r\u00e8gle des clarisses, s\u0153urs spirituelles des franciscains. De sa fondation \u00e0 aujourd\u2019hui, ce monast\u00e8re est rest\u00e9 pratiquement inchang\u00e9, tant pour ce qui est de sa configuration architecturale que pour les biens meubles que la communaut\u00e9 a pr\u00e9cieusement conserv\u00e9s au fil des si\u00e8cles.<\/p>\n","protected":false},"featured_media":30311,"comment_status":"closed","ping_status":"closed","template":"","meta":{"_acf_changed":false,"_monsterinsights_skip_tracking":false,"_monsterinsights_sitenote_active":false,"_monsterinsights_sitenote_note":"","_monsterinsights_sitenote_category":0},"product_brand":[],"product_cat":[1536,1498,1500,1539,1505,1491],"product_tag":[],"class_list":{"0":"post-26625","1":"product","2":"type-product","3":"status-publish","4":"has-post-thumbnail","6":"product_cat-art-architecture-fr","7":"product_cat-art-arquitecture","8":"product_cat-barcelone","9":"product_cat-barcelone-fr","10":"product_cat-collection-patrimonium","11":"product_cat-guides","12":"pa_idioma-catalan-fr","13":"pa_idioma-english-fr","14":"pa_idioma-espanol-fr-2","15":"pa_idioma-francais-fr","17":"first","18":"instock","19":"taxable","20":"shipping-taxable","21":"purchasable","22":"product-type-variable","23":"has-default-attributes"},"acf":[],"_links":{"self":[{"href":"https:\/\/triangle.cat\/fr\/wp-json\/wp\/v2\/product\/26625","targetHints":{"allow":["GET"]}}],"collection":[{"href":"https:\/\/triangle.cat\/fr\/wp-json\/wp\/v2\/product"}],"about":[{"href":"https:\/\/triangle.cat\/fr\/wp-json\/wp\/v2\/types\/product"}],"replies":[{"embeddable":true,"href":"https:\/\/triangle.cat\/fr\/wp-json\/wp\/v2\/comments?post=26625"}],"wp:featuredmedia":[{"embeddable":true,"href":"https:\/\/triangle.cat\/fr\/wp-json\/wp\/v2\/media\/30311"}],"wp:attachment":[{"href":"https:\/\/triangle.cat\/fr\/wp-json\/wp\/v2\/media?parent=26625"}],"wp:term":[{"taxonomy":"product_brand","embeddable":true,"href":"https:\/\/triangle.cat\/fr\/wp-json\/wp\/v2\/product_brand?post=26625"},{"taxonomy":"product_cat","embeddable":true,"href":"https:\/\/triangle.cat\/fr\/wp-json\/wp\/v2\/product_cat?post=26625"},{"taxonomy":"product_tag","embeddable":true,"href":"https:\/\/triangle.cat\/fr\/wp-json\/wp\/v2\/product_tag?post=26625"}],"curies":[{"name":"wp","href":"https:\/\/api.w.org\/{rel}","templated":true}]}}