
{"id":26612,"date":"2023-02-13T14:35:50","date_gmt":"2023-02-13T16:49:44","guid":{"rendered":"https:\/\/www.triangleeditorial.com\/producto\/minorque\/"},"modified":"2025-12-28T17:19:05","modified_gmt":"2025-12-28T15:19:05","slug":"minorque","status":"publish","type":"product","link":"https:\/\/triangle.cat\/fr\/producto\/minorque\/","title":{"rendered":"Minorque"},"content":{"rendered":"","protected":false},"excerpt":{"rendered":"<p>Minorque synth\u00e9tise l\u2019essence m\u00e9diterran\u00e9enne une essence qui s\u2019exprime \u00e0 travers une histoire et une culture mill\u00e9naires, d\u2019un paysage riche et divers et d\u2019habitants qui ont su faire de l\u2019authenticit\u00e9 leur principale vertu. Dans ce guide nous vous d\u00e9couvrons tous les attraits de Minorque\u00a0: plus d\u2019une centaine de criques et de plages, des itin\u00e9raires pour d\u00e9couvrir les villages, les principaux gisements pr\u00e9historiques, des routes th\u00e9matiques int\u00e9ressantes, des excursions \u00e0 pied et \u00e0 v\u00e9lo, des suggestions gastronomiques et toute l\u2019information pratique dont vous avez besoin pour la conna\u00eetre \u00e0 fond, y compris des ressources cartographiques et des photographies actualis\u00e9es.<\/p>\n","protected":false},"featured_media":22218,"comment_status":"closed","ping_status":"closed","template":"","meta":{"_acf_changed":false,"_monsterinsights_skip_tracking":false,"_monsterinsights_sitenote_active":false,"_monsterinsights_sitenote_note":"","_monsterinsights_sitenote_category":0},"product_brand":[],"product_cat":[1512,1528],"product_tag":[990,1031,961,1000,1007,1032],"class_list":{"0":"post-26612","1":"product","2":"type-product","3":"status-publish","4":"has-post-thumbnail","6":"product_cat-guide-carte","7":"product_cat-iles-baleares","8":"product_tag-allemand-fr","9":"product_tag-anglais-fr","10":"product_tag-catalan-fr","11":"product_tag-espagnol-fr","12":"product_tag-francais-fr-2","13":"product_tag-italien","14":"pa_idioma-catalan-fr","15":"pa_idioma-deutsch-fr","16":"pa_idioma-english-fr","17":"pa_idioma-espanol-fr-2","18":"pa_idioma-francais-fr","19":"pa_idioma-italiano-fr","21":"first","22":"instock","23":"taxable","24":"shipping-taxable","25":"purchasable","26":"product-type-variable","27":"has-default-attributes"},"acf":[],"_links":{"self":[{"href":"https:\/\/triangle.cat\/fr\/wp-json\/wp\/v2\/product\/26612","targetHints":{"allow":["GET"]}}],"collection":[{"href":"https:\/\/triangle.cat\/fr\/wp-json\/wp\/v2\/product"}],"about":[{"href":"https:\/\/triangle.cat\/fr\/wp-json\/wp\/v2\/types\/product"}],"replies":[{"embeddable":true,"href":"https:\/\/triangle.cat\/fr\/wp-json\/wp\/v2\/comments?post=26612"}],"wp:featuredmedia":[{"embeddable":true,"href":"https:\/\/triangle.cat\/fr\/wp-json\/wp\/v2\/media\/22218"}],"wp:attachment":[{"href":"https:\/\/triangle.cat\/fr\/wp-json\/wp\/v2\/media?parent=26612"}],"wp:term":[{"taxonomy":"product_brand","embeddable":true,"href":"https:\/\/triangle.cat\/fr\/wp-json\/wp\/v2\/product_brand?post=26612"},{"taxonomy":"product_cat","embeddable":true,"href":"https:\/\/triangle.cat\/fr\/wp-json\/wp\/v2\/product_cat?post=26612"},{"taxonomy":"product_tag","embeddable":true,"href":"https:\/\/triangle.cat\/fr\/wp-json\/wp\/v2\/product_tag?post=26612"}],"curies":[{"name":"wp","href":"https:\/\/api.w.org\/{rel}","templated":true}]}}