
{"id":26601,"date":"2023-02-13T14:35:19","date_gmt":"2023-02-13T16:48:59","guid":{"rendered":"https:\/\/www.triangleeditorial.com\/producto\/mallorca-2\/"},"modified":"2023-02-13T16:49:46","modified_gmt":"2023-02-13T16:49:46","slug":"mallorca-2","status":"publish","type":"product","link":"https:\/\/triangle.cat\/fr\/producto\/mallorca-2\/","title":{"rendered":"Mallorca"},"content":{"rendered":"","protected":false},"excerpt":{"rendered":"<p>Un guide n\u00e9cessaire pour d\u00e9couvrir la Majorque la plus \u00e9loign\u00e9e des clich\u00e9s. Ici sont d\u00e9crits tous les villages, les criques et les plages de visite recommand\u00e9e, o\u00f9 sentir le pouls authentique de l\u2019\u00eele, soit en d\u00e9couvrant le paysage de l\u2019int\u00e9rieur ou la ville de Palma, soit en profitant de la mer qui l\u2019entoure. Il propose un parcours \u00e0 travers toute l\u2019\u00eele et  sugg\u00e8re de d\u00e9couvrir des espaces naturels, parcourir des chemins ruraux \u00e0 pied ou en v\u00e9lo, ou de r\u00e9aliser des routes qui contemplent un riche patrimoine artistique, empreinte des civilisations qui se sont install\u00e9es \u00e0 Majorque depuis la pr\u00e9histoire. Il comprend les recommandations pour participer \u00e0 des f\u00eates populaires et \u00e0 des foires gastronomiques, et aussi \u00e0 des \u00e9v\u00e8nements qui permettent de s\u2019impr\u00e9gner de la culture et du caract\u00e8re unique des bonnes gens de Majorque.<\/p>\n","protected":false},"featured_media":26602,"comment_status":"closed","ping_status":"open","template":"","meta":{"_acf_changed":false,"_monsterinsights_skip_tracking":false,"_monsterinsights_sitenote_active":false,"_monsterinsights_sitenote_note":"","_monsterinsights_sitenote_category":0},"product_brand":[],"product_cat":[1512,1528,1569],"product_tag":[990,1031,961,1000,1007,1088],"class_list":{"0":"post-26601","1":"product","2":"type-product","3":"status-publish","4":"has-post-thumbnail","6":"product_cat-guide-carte","7":"product_cat-iles-baleares","8":"product_cat-majorque","9":"product_tag-allemand-fr","10":"product_tag-anglais-fr","11":"product_tag-catalan-fr","12":"product_tag-espagnol-fr","13":"product_tag-francais-fr-2","14":"product_tag-russe-fr","15":"pa_idioma-catalan-fr","16":"pa_idioma-deutsch-fr","17":"pa_idioma-english-fr","18":"pa_idioma-espanol-fr-2","19":"pa_idioma-francais-fr","20":"pa_idioma--fr","22":"first","23":"instock","24":"taxable","25":"shipping-taxable","26":"purchasable","27":"product-type-variable","28":"has-default-attributes"},"acf":[],"_links":{"self":[{"href":"https:\/\/triangle.cat\/fr\/wp-json\/wp\/v2\/product\/26601","targetHints":{"allow":["GET"]}}],"collection":[{"href":"https:\/\/triangle.cat\/fr\/wp-json\/wp\/v2\/product"}],"about":[{"href":"https:\/\/triangle.cat\/fr\/wp-json\/wp\/v2\/types\/product"}],"replies":[{"embeddable":true,"href":"https:\/\/triangle.cat\/fr\/wp-json\/wp\/v2\/comments?post=26601"}],"wp:featuredmedia":[{"embeddable":true,"href":"https:\/\/triangle.cat\/fr\/wp-json\/wp\/v2\/media\/26602"}],"wp:attachment":[{"href":"https:\/\/triangle.cat\/fr\/wp-json\/wp\/v2\/media?parent=26601"}],"wp:term":[{"taxonomy":"product_brand","embeddable":true,"href":"https:\/\/triangle.cat\/fr\/wp-json\/wp\/v2\/product_brand?post=26601"},{"taxonomy":"product_cat","embeddable":true,"href":"https:\/\/triangle.cat\/fr\/wp-json\/wp\/v2\/product_cat?post=26601"},{"taxonomy":"product_tag","embeddable":true,"href":"https:\/\/triangle.cat\/fr\/wp-json\/wp\/v2\/product_tag?post=26601"}],"curies":[{"name":"wp","href":"https:\/\/api.w.org\/{rel}","templated":true}]}}