
{"id":26599,"date":"2023-02-13T14:34:48","date_gmt":"2023-02-13T16:48:45","guid":{"rendered":"https:\/\/www.triangleeditorial.com\/producto\/jujol-gaudi\/"},"modified":"2023-02-13T16:49:00","modified_gmt":"2023-02-13T16:49:00","slug":"jujol-gaudi","status":"publish","type":"product","link":"https:\/\/triangle.cat\/fr\/producto\/jujol-gaudi\/","title":{"rendered":"Jujol &#038; Gaud\u00ed"},"content":{"rendered":"","protected":false},"excerpt":{"rendered":"<p>L\u2019intervention de Josep Maria Jujol sur les b\u00e2timents d\u2019Antoni Gaud\u00ed a marqu\u00e9 un pr\u00e9c\u00e9dent de mani\u00e8re d\u00e9cisive dans l\u2019\u0153uvre de Gaud\u00ed.  Dans cet ouvrage, Jos\u00e9 M\u00aa Jujol junior, fils de Josep Maria Jujol, retrace les relations personnelles des deux architectes de g\u00e9nie tout au long des vingt ann\u00e9es de leur collaboration, initi\u00e9e sur la fa\u00e7ade principale de la Casa Batll\u00f3 en 1906 et achev\u00e9e tragiquement avec la mort accidentelle de Gaud\u00ed en 1926. Gr\u00e2ce \u00e0 son travail de recherche, tant \u00e0 partir de sources directes (son p\u00e8re, des entrevues avec des assistants et disciples de Gaud\u00ed), ainsi que de documentaires, celui-ci signale et met en valeur les interventions d\u00e9terminantes de Jujol dans l\u2019\u0153uvre de Gaud\u00ed (graphismes aux vibrations \u00e9nergiques, \u00abtemp\u00eate chromatique \u00bb de grande puissance et lyrisme, collages d\u2019avant-gardes dans le trencad\u00eds&#8230;) qui permettent aujourd\u2019hui d\u2019identifier de nombreuses cr\u00e9ations du g\u00e9nie.<\/p>\n","protected":false},"featured_media":16805,"comment_status":"closed","ping_status":"closed","template":"","meta":{"_acf_changed":false,"_monsterinsights_skip_tracking":false,"_monsterinsights_sitenote_active":false,"_monsterinsights_sitenote_note":"","_monsterinsights_sitenote_category":0},"product_brand":[],"product_cat":[1557,1536],"product_tag":[1031,1000],"class_list":{"0":"post-26599","1":"product","2":"type-product","3":"status-publish","4":"has-post-thumbnail","6":"product_cat-antoni-gaudi-fr","7":"product_cat-art-architecture-fr","8":"product_tag-anglais-fr","9":"product_tag-espagnol-fr","10":"pa_idioma-multilingue-espanol-english-fr","12":"first","13":"instock","14":"taxable","15":"shipping-taxable","16":"purchasable","17":"product-type-variable","18":"has-default-attributes"},"acf":[],"_links":{"self":[{"href":"https:\/\/triangle.cat\/fr\/wp-json\/wp\/v2\/product\/26599","targetHints":{"allow":["GET"]}}],"collection":[{"href":"https:\/\/triangle.cat\/fr\/wp-json\/wp\/v2\/product"}],"about":[{"href":"https:\/\/triangle.cat\/fr\/wp-json\/wp\/v2\/types\/product"}],"replies":[{"embeddable":true,"href":"https:\/\/triangle.cat\/fr\/wp-json\/wp\/v2\/comments?post=26599"}],"wp:featuredmedia":[{"embeddable":true,"href":"https:\/\/triangle.cat\/fr\/wp-json\/wp\/v2\/media\/16805"}],"wp:attachment":[{"href":"https:\/\/triangle.cat\/fr\/wp-json\/wp\/v2\/media?parent=26599"}],"wp:term":[{"taxonomy":"product_brand","embeddable":true,"href":"https:\/\/triangle.cat\/fr\/wp-json\/wp\/v2\/product_brand?post=26599"},{"taxonomy":"product_cat","embeddable":true,"href":"https:\/\/triangle.cat\/fr\/wp-json\/wp\/v2\/product_cat?post=26599"},{"taxonomy":"product_tag","embeddable":true,"href":"https:\/\/triangle.cat\/fr\/wp-json\/wp\/v2\/product_tag?post=26599"}],"curies":[{"name":"wp","href":"https:\/\/api.w.org\/{rel}","templated":true}]}}