
{"id":26589,"date":"2023-02-13T14:33:05","date_gmt":"2023-02-13T16:46:46","guid":{"rendered":"https:\/\/www.triangleeditorial.com\/producto\/gerone-2\/"},"modified":"2023-02-13T16:47:37","modified_gmt":"2023-02-13T16:47:37","slug":"gerone-2","status":"publish","type":"product","link":"https:\/\/triangle.cat\/fr\/producto\/gerone-2\/","title":{"rendered":"G\u00e9rone"},"content":{"rendered":"","protected":false},"excerpt":{"rendered":"<p>Une atmosph\u00e8re magique r\u00e8gne dans les rues et les ruelles de la G\u00e9rone la plus ancestrale, concentr\u00e9e autour du Call Jueu ou quartier juif. La ville, couronn\u00e9e par les pointes de la cath\u00e9drale et\u00a0de l\u2019\u00e9glise de Sant Feliu, se refl\u00e8te orgueilleusement dans les eaux de l\u2019Onyar. Les si\u00e8cles d\u2019histoire n\u2019ont pas emp\u00each\u00e9 G\u00e9rone de devenir une capitale r\u00e9gionale moderne, pleine d\u2019attraits tels que le montrent les pages de ce livre.<\/p>\n","protected":false},"featured_media":7998,"comment_status":"closed","ping_status":"open","template":"","meta":{"_acf_changed":false,"_monsterinsights_skip_tracking":false,"_monsterinsights_sitenote_active":false,"_monsterinsights_sitenote_note":"","_monsterinsights_sitenote_category":0},"product_brand":[],"product_cat":[1542,1560],"product_tag":[990,1031,961,1000,1007,1032,1088],"class_list":{"0":"post-26589","1":"product","2":"type-product","3":"status-publish","4":"has-post-thumbnail","6":"product_cat-catalogne-fr","7":"product_cat-gerone-costa-brava","8":"product_tag-allemand-fr","9":"product_tag-anglais-fr","10":"product_tag-catalan-fr","11":"product_tag-espagnol-fr","12":"product_tag-francais-fr-2","13":"product_tag-italien","14":"product_tag-russe-fr","15":"pa_idioma-catalan-fr","16":"pa_idioma-deutsch-fr","17":"pa_idioma-english-fr","18":"pa_idioma-espanol-fr-2","19":"pa_idioma-francais-fr","20":"pa_idioma-italiano-fr","21":"pa_idioma--fr","23":"first","24":"instock","25":"taxable","26":"shipping-taxable","27":"purchasable","28":"product-type-variable","29":"has-default-attributes"},"acf":[],"_links":{"self":[{"href":"https:\/\/triangle.cat\/fr\/wp-json\/wp\/v2\/product\/26589","targetHints":{"allow":["GET"]}}],"collection":[{"href":"https:\/\/triangle.cat\/fr\/wp-json\/wp\/v2\/product"}],"about":[{"href":"https:\/\/triangle.cat\/fr\/wp-json\/wp\/v2\/types\/product"}],"replies":[{"embeddable":true,"href":"https:\/\/triangle.cat\/fr\/wp-json\/wp\/v2\/comments?post=26589"}],"wp:featuredmedia":[{"embeddable":true,"href":"https:\/\/triangle.cat\/fr\/wp-json\/wp\/v2\/media\/7998"}],"wp:attachment":[{"href":"https:\/\/triangle.cat\/fr\/wp-json\/wp\/v2\/media?parent=26589"}],"wp:term":[{"taxonomy":"product_brand","embeddable":true,"href":"https:\/\/triangle.cat\/fr\/wp-json\/wp\/v2\/product_brand?post=26589"},{"taxonomy":"product_cat","embeddable":true,"href":"https:\/\/triangle.cat\/fr\/wp-json\/wp\/v2\/product_cat?post=26589"},{"taxonomy":"product_tag","embeddable":true,"href":"https:\/\/triangle.cat\/fr\/wp-json\/wp\/v2\/product_tag?post=26589"}],"curies":[{"name":"wp","href":"https:\/\/api.w.org\/{rel}","templated":true}]}}