
{"id":26583,"date":"2023-02-13T14:32:38","date_gmt":"2023-02-13T16:46:08","guid":{"rendered":"https:\/\/www.triangleeditorial.com\/producto\/serra-de-tramuntana\/"},"modified":"2023-02-13T16:46:47","modified_gmt":"2023-02-13T16:46:47","slug":"serra-de-tramuntana","status":"publish","type":"product","link":"https:\/\/triangle.cat\/fr\/producto\/serra-de-tramuntana\/","title":{"rendered":"Serra de Tramuntana"},"content":{"rendered":"","protected":false},"excerpt":{"rendered":"<p>D\u2019Andratx \u00e0 Pollen\u00e7a, au long de 90\u00a0kilom\u00e8tres, se d\u00e9roule l\u2019itin\u00e9raire de pierre s\u00e8che ou GR\u00a0221. Le guide pour les randonneurs propose de faire le parcours en 8 \u00e9tapes, divis\u00e9es en tron\u00e7ons pour faciliter l\u2019orientation. Pour chaque \u00e9tape, le guide distingue les sentiers, les chemins, les logements et les lieux int\u00e9ressants.<\/p>\n","protected":false},"featured_media":22201,"comment_status":"closed","ping_status":"closed","template":"","meta":{"_acf_changed":false,"_monsterinsights_skip_tracking":false,"_monsterinsights_sitenote_active":false,"_monsterinsights_sitenote_note":"","_monsterinsights_sitenote_category":0},"product_brand":[],"product_cat":[1512,1528,1569,1522],"product_tag":[990,1031,961,1000,1007],"class_list":{"0":"post-26583","1":"product","2":"type-product","3":"status-publish","4":"has-post-thumbnail","6":"product_cat-guide-carte","7":"product_cat-iles-baleares","8":"product_cat-majorque","9":"product_cat-randonnee-et-velo","10":"product_tag-allemand-fr","11":"product_tag-anglais-fr","12":"product_tag-catalan-fr","13":"product_tag-espagnol-fr","14":"product_tag-francais-fr-2","15":"pa_idioma-catalan-fr","16":"pa_idioma-deutsch-fr","17":"pa_idioma-english-fr","18":"pa_idioma-espanol-fr-2","19":"pa_idioma-francais-fr","21":"first","22":"outofstock","23":"taxable","24":"shipping-taxable","25":"purchasable","26":"product-type-variable","27":"has-default-attributes"},"acf":[],"_links":{"self":[{"href":"https:\/\/triangle.cat\/fr\/wp-json\/wp\/v2\/product\/26583","targetHints":{"allow":["GET"]}}],"collection":[{"href":"https:\/\/triangle.cat\/fr\/wp-json\/wp\/v2\/product"}],"about":[{"href":"https:\/\/triangle.cat\/fr\/wp-json\/wp\/v2\/types\/product"}],"replies":[{"embeddable":true,"href":"https:\/\/triangle.cat\/fr\/wp-json\/wp\/v2\/comments?post=26583"}],"wp:featuredmedia":[{"embeddable":true,"href":"https:\/\/triangle.cat\/fr\/wp-json\/wp\/v2\/media\/22201"}],"wp:attachment":[{"href":"https:\/\/triangle.cat\/fr\/wp-json\/wp\/v2\/media?parent=26583"}],"wp:term":[{"taxonomy":"product_brand","embeddable":true,"href":"https:\/\/triangle.cat\/fr\/wp-json\/wp\/v2\/product_brand?post=26583"},{"taxonomy":"product_cat","embeddable":true,"href":"https:\/\/triangle.cat\/fr\/wp-json\/wp\/v2\/product_cat?post=26583"},{"taxonomy":"product_tag","embeddable":true,"href":"https:\/\/triangle.cat\/fr\/wp-json\/wp\/v2\/product_tag?post=26583"}],"curies":[{"name":"wp","href":"https:\/\/api.w.org\/{rel}","templated":true}]}}