
{"id":26576,"date":"2023-02-13T14:32:00","date_gmt":"2023-02-13T16:45:11","guid":{"rendered":"https:\/\/www.triangleeditorial.com\/producto\/gerone\/"},"modified":"2023-02-13T16:46:10","modified_gmt":"2023-02-13T16:46:10","slug":"gerone","status":"publish","type":"product","link":"https:\/\/triangle.cat\/fr\/producto\/gerone\/","title":{"rendered":"G\u00e9rone"},"content":{"rendered":"","protected":false},"excerpt":{"rendered":"<p>Guide pratique des parcs, des monuments, de l\u2019architecture religieuse, des \u00e9difices modernistes, des mus\u00e9es, des f\u00eates et des logements. Il comprend aussi des propositions d\u2019itin\u00e9raires dans les zones les plus int\u00e9ressantes de G\u00e9rone ainsi que des cartes d\u00e9taill\u00e9es.<\/p>\n","protected":false},"featured_media":22190,"comment_status":"closed","ping_status":"open","template":"","meta":{"_acf_changed":false,"_monsterinsights_skip_tracking":false,"_monsterinsights_sitenote_active":false,"_monsterinsights_sitenote_note":"","_monsterinsights_sitenote_category":0},"product_brand":[],"product_cat":[1542,1504,1560,1512],"product_tag":[990,1031,961,1000,1007,1088],"class_list":{"0":"post-26576","1":"product","2":"type-product","3":"status-publish","4":"has-post-thumbnail","6":"product_cat-catalogne-fr","7":"product_cat-catalogne","8":"product_cat-gerone-costa-brava","9":"product_cat-guide-carte","10":"product_tag-allemand-fr","11":"product_tag-anglais-fr","12":"product_tag-catalan-fr","13":"product_tag-espagnol-fr","14":"product_tag-francais-fr-2","15":"product_tag-russe-fr","16":"pa_idioma-catalan-fr","17":"pa_idioma-deutsch-fr","18":"pa_idioma-english-fr","19":"pa_idioma-espanol-fr-2","20":"pa_idioma-francais-fr","21":"pa_idioma--fr","23":"first","24":"instock","25":"taxable","26":"shipping-taxable","27":"purchasable","28":"product-type-variable","29":"has-default-attributes"},"acf":[],"_links":{"self":[{"href":"https:\/\/triangle.cat\/fr\/wp-json\/wp\/v2\/product\/26576","targetHints":{"allow":["GET"]}}],"collection":[{"href":"https:\/\/triangle.cat\/fr\/wp-json\/wp\/v2\/product"}],"about":[{"href":"https:\/\/triangle.cat\/fr\/wp-json\/wp\/v2\/types\/product"}],"replies":[{"embeddable":true,"href":"https:\/\/triangle.cat\/fr\/wp-json\/wp\/v2\/comments?post=26576"}],"wp:featuredmedia":[{"embeddable":true,"href":"https:\/\/triangle.cat\/fr\/wp-json\/wp\/v2\/media\/22190"}],"wp:attachment":[{"href":"https:\/\/triangle.cat\/fr\/wp-json\/wp\/v2\/media?parent=26576"}],"wp:term":[{"taxonomy":"product_brand","embeddable":true,"href":"https:\/\/triangle.cat\/fr\/wp-json\/wp\/v2\/product_brand?post=26576"},{"taxonomy":"product_cat","embeddable":true,"href":"https:\/\/triangle.cat\/fr\/wp-json\/wp\/v2\/product_cat?post=26576"},{"taxonomy":"product_tag","embeddable":true,"href":"https:\/\/triangle.cat\/fr\/wp-json\/wp\/v2\/product_tag?post=26576"}],"curies":[{"name":"wp","href":"https:\/\/api.w.org\/{rel}","templated":true}]}}