
{"id":26570,"date":"2023-02-13T14:31:34","date_gmt":"2023-02-13T16:44:23","guid":{"rendered":"https:\/\/www.triangleeditorial.com\/producto\/formentera-3\/"},"modified":"2025-12-28T17:19:06","modified_gmt":"2025-12-28T15:19:06","slug":"formentera-3","status":"publish","type":"product","link":"https:\/\/triangle.cat\/fr\/producto\/formentera-3\/","title":{"rendered":"Formentera"},"content":{"rendered":"","protected":false},"excerpt":{"rendered":"<p>Guide pratique des plages, des r\u00e9serves marines, des phares, des monuments, des f\u00eates et des logements. Il comprend aussi des propositions d\u2019itin\u00e9raires et de routes dans Formentera, ainsi que des cartes d\u00e9taill\u00e9es.<\/p>\n","protected":false},"featured_media":22180,"comment_status":"closed","ping_status":"open","template":"","meta":{"_acf_changed":false,"_monsterinsights_skip_tracking":false,"_monsterinsights_sitenote_active":false,"_monsterinsights_sitenote_note":"","_monsterinsights_sitenote_category":0},"product_brand":[],"product_cat":[1512,1551,1528],"product_tag":[990,1031,1000,1007,1032],"class_list":{"0":"post-26570","1":"product","2":"type-product","3":"status-publish","4":"has-post-thumbnail","6":"product_cat-guide-carte","7":"product_cat-ibiza-formentera-fr","8":"product_cat-iles-baleares","9":"product_tag-allemand-fr","10":"product_tag-anglais-fr","11":"product_tag-espagnol-fr","12":"product_tag-francais-fr-2","13":"product_tag-italien","14":"pa_idioma-deutsch-fr","15":"pa_idioma-english-fr","16":"pa_idioma-espanol-fr-2","17":"pa_idioma-francais-fr","18":"pa_idioma-italiano-fr","20":"first","21":"instock","22":"taxable","23":"shipping-taxable","24":"purchasable","25":"product-type-variable","26":"has-default-attributes"},"acf":[],"_links":{"self":[{"href":"https:\/\/triangle.cat\/fr\/wp-json\/wp\/v2\/product\/26570","targetHints":{"allow":["GET"]}}],"collection":[{"href":"https:\/\/triangle.cat\/fr\/wp-json\/wp\/v2\/product"}],"about":[{"href":"https:\/\/triangle.cat\/fr\/wp-json\/wp\/v2\/types\/product"}],"replies":[{"embeddable":true,"href":"https:\/\/triangle.cat\/fr\/wp-json\/wp\/v2\/comments?post=26570"}],"wp:featuredmedia":[{"embeddable":true,"href":"https:\/\/triangle.cat\/fr\/wp-json\/wp\/v2\/media\/22180"}],"wp:attachment":[{"href":"https:\/\/triangle.cat\/fr\/wp-json\/wp\/v2\/media?parent=26570"}],"wp:term":[{"taxonomy":"product_brand","embeddable":true,"href":"https:\/\/triangle.cat\/fr\/wp-json\/wp\/v2\/product_brand?post=26570"},{"taxonomy":"product_cat","embeddable":true,"href":"https:\/\/triangle.cat\/fr\/wp-json\/wp\/v2\/product_cat?post=26570"},{"taxonomy":"product_tag","embeddable":true,"href":"https:\/\/triangle.cat\/fr\/wp-json\/wp\/v2\/product_tag?post=26570"}],"curies":[{"name":"wp","href":"https:\/\/api.w.org\/{rel}","templated":true}]}}