
{"id":26565,"date":"2023-02-13T14:30:04","date_gmt":"2023-02-13T16:43:01","guid":{"rendered":"https:\/\/www.triangleeditorial.com\/producto\/26565\/"},"modified":"2023-03-07T12:01:17","modified_gmt":"2023-03-07T12:01:17","slug":"26565","status":"publish","type":"product","link":"https:\/\/triangle.cat\/fr\/producto\/26565\/","title":{"rendered":""},"content":{"rendered":"","protected":false},"excerpt":{"rendered":"<p>Ce photo-guide vous propose de partir \u00e0 la d\u00e9couverte de G\u00e9rone et de ses alentours en vous promenant \u00e0 travers places, rues et ruelles. Il vous montre ses grands monuments historiques, comme la cath\u00e9drale, la Pujada de Sant Dom\u00e8nec ou la basilique Sant Feliu, mais aussi les petits d\u00e9tails imperceptibles dont la ville nous fait cadeau. Une\u00a0promenade dans G\u00e9rone, illustr\u00e9e par des photographies et des plans, avec 100 endroits int\u00e9ressants \u00e0 d\u00e9couvrir au fil de votre parcours, mais\u00a0aussi des itin\u00e9raires \u00e0 th\u00e8me : les ponts sur la rivi\u00e8re, l\u2019architecture de style noucentista de Rafael Mas\u00f3, les remparts\u2026 Et en pleine nature, les rives du Ter et la vall\u00e9e de Sant Daniel.<\/p>\n","protected":false},"featured_media":30375,"comment_status":"closed","ping_status":"closed","template":"","meta":{"_acf_changed":false,"_monsterinsights_skip_tracking":false,"_monsterinsights_sitenote_active":false,"_monsterinsights_sitenote_note":"","_monsterinsights_sitenote_category":0},"product_brand":[],"product_cat":[1504,1542,1560],"product_tag":[],"class_list":{"0":"post-26565","1":"product","2":"type-product","3":"status-publish","4":"has-post-thumbnail","6":"product_cat-catalogne","7":"product_cat-catalogne-fr","8":"product_cat-gerone-costa-brava","9":"pa_idioma-catalan-fr","10":"pa_idioma-english-fr","11":"pa_idioma-espanol-fr-2","12":"pa_idioma-francais-fr","14":"first","15":"instock","16":"taxable","17":"shipping-taxable","18":"purchasable","19":"product-type-variable","20":"has-default-attributes"},"acf":[],"_links":{"self":[{"href":"https:\/\/triangle.cat\/fr\/wp-json\/wp\/v2\/product\/26565","targetHints":{"allow":["GET"]}}],"collection":[{"href":"https:\/\/triangle.cat\/fr\/wp-json\/wp\/v2\/product"}],"about":[{"href":"https:\/\/triangle.cat\/fr\/wp-json\/wp\/v2\/types\/product"}],"replies":[{"embeddable":true,"href":"https:\/\/triangle.cat\/fr\/wp-json\/wp\/v2\/comments?post=26565"}],"wp:featuredmedia":[{"embeddable":true,"href":"https:\/\/triangle.cat\/fr\/wp-json\/wp\/v2\/media\/30375"}],"wp:attachment":[{"href":"https:\/\/triangle.cat\/fr\/wp-json\/wp\/v2\/media?parent=26565"}],"wp:term":[{"taxonomy":"product_brand","embeddable":true,"href":"https:\/\/triangle.cat\/fr\/wp-json\/wp\/v2\/product_brand?post=26565"},{"taxonomy":"product_cat","embeddable":true,"href":"https:\/\/triangle.cat\/fr\/wp-json\/wp\/v2\/product_cat?post=26565"},{"taxonomy":"product_tag","embeddable":true,"href":"https:\/\/triangle.cat\/fr\/wp-json\/wp\/v2\/product_tag?post=26565"}],"curies":[{"name":"wp","href":"https:\/\/api.w.org\/{rel}","templated":true}]}}