
{"id":26558,"date":"2023-02-13T14:29:33","date_gmt":"2023-02-13T16:42:18","guid":{"rendered":"https:\/\/www.triangleeditorial.com\/producto\/ibiza-eivissa\/"},"modified":"2023-02-13T16:43:03","modified_gmt":"2023-02-13T16:43:03","slug":"ibiza-eivissa","status":"publish","type":"product","link":"https:\/\/triangle.cat\/fr\/producto\/ibiza-eivissa\/","title":{"rendered":"Ibiza Eivissa"},"content":{"rendered":"","protected":false},"excerpt":{"rendered":"<p>Si quelque chose caract\u00e9rise Ibiza, c\u2019est bien sa capacit\u00e9 \u00e0 absorber toutes les influences parvenues de l\u2019ext\u00e9rieur pour se les approprier et distiller sa propre ambiance, unique au monde.  C\u2019est d\u2019ailleurs ce que l\u2019on appelle \u00ab l\u2019esprit d\u2019Ibiza \u00bb, cet air de libert\u00e9 que l\u2019on respire dans l\u2019atmosph\u00e8re nette et lumineuse du moindre recoin de l\u2019\u00eele, un esprit qui englobe tout et tous.  M\u00eame si sa couche la plus superficielle est commercialis\u00e9e \u00e0 la fa\u00e7on d\u2019une marque, il reste que l\u2019essence d\u2019Ibiza n\u2019est pas en vente. Elle ne se distingue m\u00eame pas du premier coup d\u2019\u0153il.  Voil\u00e0 pourquoi ce guide se propose de fournir des indices pour que vous puissiez parcourir les chemins qui montrent le visage le plus authentique de l\u2019\u00eele, en d\u00e9couvrir les paysages, les coutumes et l\u2019h\u00e9ritage culturel qui la distinguent de tout autre coin de la plan\u00e8te.<\/p>\n","protected":false},"featured_media":22169,"comment_status":"closed","ping_status":"open","template":"","meta":{"_acf_changed":false,"_monsterinsights_skip_tracking":false,"_monsterinsights_sitenote_active":false,"_monsterinsights_sitenote_note":"","_monsterinsights_sitenote_category":0},"product_brand":[],"product_cat":[1512,1551,1528],"product_tag":[990,1031,961,1000,1007,1032],"class_list":{"0":"post-26558","1":"product","2":"type-product","3":"status-publish","4":"has-post-thumbnail","6":"product_cat-guide-carte","7":"product_cat-ibiza-formentera-fr","8":"product_cat-iles-baleares","9":"product_tag-allemand-fr","10":"product_tag-anglais-fr","11":"product_tag-catalan-fr","12":"product_tag-espagnol-fr","13":"product_tag-francais-fr-2","14":"product_tag-italien","15":"pa_idioma-catalan-fr","16":"pa_idioma-deutsch-fr","17":"pa_idioma-english-fr","18":"pa_idioma-espanol-fr-2","19":"pa_idioma-francais-fr","20":"pa_idioma-italiano-fr","22":"first","23":"instock","24":"taxable","25":"shipping-taxable","26":"purchasable","27":"product-type-variable","28":"has-default-attributes"},"acf":[],"_links":{"self":[{"href":"https:\/\/triangle.cat\/fr\/wp-json\/wp\/v2\/product\/26558","targetHints":{"allow":["GET"]}}],"collection":[{"href":"https:\/\/triangle.cat\/fr\/wp-json\/wp\/v2\/product"}],"about":[{"href":"https:\/\/triangle.cat\/fr\/wp-json\/wp\/v2\/types\/product"}],"replies":[{"embeddable":true,"href":"https:\/\/triangle.cat\/fr\/wp-json\/wp\/v2\/comments?post=26558"}],"wp:featuredmedia":[{"embeddable":true,"href":"https:\/\/triangle.cat\/fr\/wp-json\/wp\/v2\/media\/22169"}],"wp:attachment":[{"href":"https:\/\/triangle.cat\/fr\/wp-json\/wp\/v2\/media?parent=26558"}],"wp:term":[{"taxonomy":"product_brand","embeddable":true,"href":"https:\/\/triangle.cat\/fr\/wp-json\/wp\/v2\/product_brand?post=26558"},{"taxonomy":"product_cat","embeddable":true,"href":"https:\/\/triangle.cat\/fr\/wp-json\/wp\/v2\/product_cat?post=26558"},{"taxonomy":"product_tag","embeddable":true,"href":"https:\/\/triangle.cat\/fr\/wp-json\/wp\/v2\/product_tag?post=26558"}],"curies":[{"name":"wp","href":"https:\/\/api.w.org\/{rel}","templated":true}]}}