
{"id":26548,"date":"2023-02-13T14:27:50","date_gmt":"2023-02-13T16:40:44","guid":{"rendered":"https:\/\/www.triangleeditorial.com\/producto\/dali-4\/"},"modified":"2023-06-21T11:04:01","modified_gmt":"2023-06-21T11:04:01","slug":"dali-4","status":"publish","type":"product","link":"https:\/\/triangle.cat\/fr\/producto\/dali-4\/","title":{"rendered":"Dal\u00ed"},"content":{"rendered":"","protected":false},"excerpt":{"rendered":"<p>Dal\u00ed con\u00e7ut son th\u00e9\u00e2tre-mus\u00e9e comme un \u00e9difice plein de surprises et de coups de c\u0153ur. Ce guide r\u00e9v\u00e8le les secrets de la derni\u00e8re grande cr\u00e9ation de l\u2019artiste, et il fournit les pistes n\u00e9cessaires ainsi que les cl\u00e9s ad\u00e9quates pour acc\u00e9der \u00e0 son monde personnel, imaginatif et plein de touches d\u2019humour.<\/p>\n","protected":false},"featured_media":22157,"comment_status":"closed","ping_status":"open","template":"","meta":{"_acf_changed":false,"_monsterinsights_skip_tracking":false,"_monsterinsights_sitenote_active":false,"_monsterinsights_sitenote_note":"","_monsterinsights_sitenote_category":0},"product_brand":[],"product_cat":[1498,1504,1560,1548],"product_tag":[990,1031,961,1000,1007,1032,1088],"class_list":{"0":"post-26548","1":"product","2":"type-product","3":"status-publish","4":"has-post-thumbnail","6":"product_cat-art-arquitecture","7":"product_cat-catalogne","8":"product_cat-gerone-costa-brava","9":"product_cat-salvador-dali-fr","10":"product_tag-allemand-fr","11":"product_tag-anglais-fr","12":"product_tag-catalan-fr","13":"product_tag-espagnol-fr","14":"product_tag-francais-fr-2","15":"product_tag-italien","16":"product_tag-russe-fr","17":"pa_idioma-catalan-fr","18":"pa_idioma-deutsch-fr","19":"pa_idioma-english-fr","20":"pa_idioma-espanol-fr-2","21":"pa_idioma-francais-fr","22":"pa_idioma-italiano-fr","23":"pa_idioma--fr","25":"first","26":"instock","27":"taxable","28":"shipping-taxable","29":"purchasable","30":"product-type-variable","31":"has-default-attributes"},"acf":[],"_links":{"self":[{"href":"https:\/\/triangle.cat\/fr\/wp-json\/wp\/v2\/product\/26548","targetHints":{"allow":["GET"]}}],"collection":[{"href":"https:\/\/triangle.cat\/fr\/wp-json\/wp\/v2\/product"}],"about":[{"href":"https:\/\/triangle.cat\/fr\/wp-json\/wp\/v2\/types\/product"}],"replies":[{"embeddable":true,"href":"https:\/\/triangle.cat\/fr\/wp-json\/wp\/v2\/comments?post=26548"}],"wp:featuredmedia":[{"embeddable":true,"href":"https:\/\/triangle.cat\/fr\/wp-json\/wp\/v2\/media\/22157"}],"wp:attachment":[{"href":"https:\/\/triangle.cat\/fr\/wp-json\/wp\/v2\/media?parent=26548"}],"wp:term":[{"taxonomy":"product_brand","embeddable":true,"href":"https:\/\/triangle.cat\/fr\/wp-json\/wp\/v2\/product_brand?post=26548"},{"taxonomy":"product_cat","embeddable":true,"href":"https:\/\/triangle.cat\/fr\/wp-json\/wp\/v2\/product_cat?post=26548"},{"taxonomy":"product_tag","embeddable":true,"href":"https:\/\/triangle.cat\/fr\/wp-json\/wp\/v2\/product_tag?post=26548"}],"curies":[{"name":"wp","href":"https:\/\/api.w.org\/{rel}","templated":true}]}}