
{"id":26542,"date":"2023-02-13T14:27:24","date_gmt":"2023-02-13T16:40:03","guid":{"rendered":"https:\/\/www.triangleeditorial.com\/producto\/cap-de-creus\/"},"modified":"2023-02-13T16:40:46","modified_gmt":"2023-02-13T16:40:46","slug":"cap-de-creus","status":"publish","type":"product","link":"https:\/\/triangle.cat\/fr\/producto\/cap-de-creus\/","title":{"rendered":"Cap de Creus"},"content":{"rendered":"","protected":false},"excerpt":{"rendered":"<p>Le Cap de Creus, le lieu le plus extraordinaire de la Costa Brava, se d\u00e9ploie \u00e0 l\u2019extr\u00e9mit\u00e9 la plus orientale de la p\u00e9ninsule ib\u00e9rique, juste \u00e0 l\u2019endroit o\u00f9, sur la carte, la cordill\u00e8re des Pyr\u00e9n\u00e9es, \u00e9tourdie par les coups rageurs de la Tramontane \u2014 le vent du nord\u00a0\u2014 abandonne la terre ferme, d\u2019un geste entrecoup\u00e9, pour plonger soudain dans la M\u00e9diterran\u00e9e. Dans ce guide, recommand\u00e9 par le Parc naturel du Cap de Creus, nous vous proposons 17 routes \u00e0 pied pour d\u00e9couvrir les coins cach\u00e9s de ce littoral aussi beau qu\u2019\u00e2pre et rocheux et nous vous invitons \u00e0 d\u00e9couvrir les villages de la r\u00e9gion et toutes ses criques et plages. Il inclut une carte pliable et un guide pratique avec des propositions de loisir, gastronomie, h\u00e9bergement et agenda.<\/p>\n","protected":false},"featured_media":22147,"comment_status":"closed","ping_status":"open","template":"","meta":{"_acf_changed":false,"_monsterinsights_skip_tracking":false,"_monsterinsights_sitenote_active":false,"_monsterinsights_sitenote_note":"","_monsterinsights_sitenote_category":0},"product_brand":[],"product_cat":[1504,1560,1512],"product_tag":[990,1031,961,1000,1007],"class_list":{"0":"post-26542","1":"product","2":"type-product","3":"status-publish","4":"has-post-thumbnail","6":"product_cat-catalogne","7":"product_cat-gerone-costa-brava","8":"product_cat-guide-carte","9":"product_tag-allemand-fr","10":"product_tag-anglais-fr","11":"product_tag-catalan-fr","12":"product_tag-espagnol-fr","13":"product_tag-francais-fr-2","14":"pa_idioma-catalan-fr","15":"pa_idioma-deutsch-fr","16":"pa_idioma-english-fr","17":"pa_idioma-espanol-fr-2","18":"pa_idioma-francais-fr","20":"first","21":"instock","22":"taxable","23":"shipping-taxable","24":"purchasable","25":"product-type-variable","26":"has-default-attributes"},"acf":[],"_links":{"self":[{"href":"https:\/\/triangle.cat\/fr\/wp-json\/wp\/v2\/product\/26542","targetHints":{"allow":["GET"]}}],"collection":[{"href":"https:\/\/triangle.cat\/fr\/wp-json\/wp\/v2\/product"}],"about":[{"href":"https:\/\/triangle.cat\/fr\/wp-json\/wp\/v2\/types\/product"}],"replies":[{"embeddable":true,"href":"https:\/\/triangle.cat\/fr\/wp-json\/wp\/v2\/comments?post=26542"}],"wp:featuredmedia":[{"embeddable":true,"href":"https:\/\/triangle.cat\/fr\/wp-json\/wp\/v2\/media\/22147"}],"wp:attachment":[{"href":"https:\/\/triangle.cat\/fr\/wp-json\/wp\/v2\/media?parent=26542"}],"wp:term":[{"taxonomy":"product_brand","embeddable":true,"href":"https:\/\/triangle.cat\/fr\/wp-json\/wp\/v2\/product_brand?post=26542"},{"taxonomy":"product_cat","embeddable":true,"href":"https:\/\/triangle.cat\/fr\/wp-json\/wp\/v2\/product_cat?post=26542"},{"taxonomy":"product_tag","embeddable":true,"href":"https:\/\/triangle.cat\/fr\/wp-json\/wp\/v2\/product_tag?post=26542"}],"curies":[{"name":"wp","href":"https:\/\/api.w.org\/{rel}","templated":true}]}}