
{"id":26535,"date":"2023-02-13T14:26:36","date_gmt":"2023-02-13T16:38:50","guid":{"rendered":"https:\/\/www.triangleeditorial.com\/producto\/visite-des-grottes-du-drach\/"},"modified":"2023-03-07T13:39:26","modified_gmt":"2023-03-07T13:39:26","slug":"visite-des-grottes-du-drach","status":"publish","type":"product","link":"https:\/\/triangle.cat\/fr\/producto\/visite-des-grottes-du-drach\/","title":{"rendered":"Visite des Grottes du Drach"},"content":{"rendered":"","protected":false},"excerpt":{"rendered":"<p>La Visite des grottes du Drach constitue le parcours d\u00e9taill\u00e9 d\u2019un univers de r\u00eave et de beaut\u00e9. Ce cadeau, magique pour nos sens, est le fruit du travail patient et silencieux de la nature. Une histoire fascinante. Des explorateurs et des scientifiques du monde entier sont intervenus dans la d\u00e9couverte des grottes et ont contribu\u00e9 \u00e0 leur connaissance, \u00e0 leur prestige et \u00e0 leur popularit\u00e9.<\/p>\n","protected":false},"featured_media":30402,"comment_status":"closed","ping_status":"open","template":"","meta":{"_acf_changed":false,"_monsterinsights_skip_tracking":false,"_monsterinsights_sitenote_active":false,"_monsterinsights_sitenote_note":"","_monsterinsights_sitenote_category":0},"product_brand":[],"product_cat":[1528,1569],"product_tag":[990,1031,961,1000,1007,1032],"class_list":{"0":"post-26535","1":"product","2":"type-product","3":"status-publish","4":"has-post-thumbnail","6":"product_cat-iles-baleares","7":"product_cat-majorque","8":"product_tag-allemand-fr","9":"product_tag-anglais-fr","10":"product_tag-catalan-fr","11":"product_tag-espagnol-fr","12":"product_tag-francais-fr-2","13":"product_tag-italien","14":"pa_idioma-catalan-fr","15":"pa_idioma-deutsch-fr","16":"pa_idioma-english-fr","17":"pa_idioma-espanol-fr-2","18":"pa_idioma-francais-fr","19":"pa_idioma-italiano-fr","21":"first","22":"instock","23":"taxable","24":"shipping-taxable","25":"purchasable","26":"product-type-variable","27":"has-default-attributes"},"acf":[],"_links":{"self":[{"href":"https:\/\/triangle.cat\/fr\/wp-json\/wp\/v2\/product\/26535","targetHints":{"allow":["GET"]}}],"collection":[{"href":"https:\/\/triangle.cat\/fr\/wp-json\/wp\/v2\/product"}],"about":[{"href":"https:\/\/triangle.cat\/fr\/wp-json\/wp\/v2\/types\/product"}],"replies":[{"embeddable":true,"href":"https:\/\/triangle.cat\/fr\/wp-json\/wp\/v2\/comments?post=26535"}],"wp:featuredmedia":[{"embeddable":true,"href":"https:\/\/triangle.cat\/fr\/wp-json\/wp\/v2\/media\/30402"}],"wp:attachment":[{"href":"https:\/\/triangle.cat\/fr\/wp-json\/wp\/v2\/media?parent=26535"}],"wp:term":[{"taxonomy":"product_brand","embeddable":true,"href":"https:\/\/triangle.cat\/fr\/wp-json\/wp\/v2\/product_brand?post=26535"},{"taxonomy":"product_cat","embeddable":true,"href":"https:\/\/triangle.cat\/fr\/wp-json\/wp\/v2\/product_cat?post=26535"},{"taxonomy":"product_tag","embeddable":true,"href":"https:\/\/triangle.cat\/fr\/wp-json\/wp\/v2\/product_tag?post=26535"}],"curies":[{"name":"wp","href":"https:\/\/api.w.org\/{rel}","templated":true}]}}