
{"id":26528,"date":"2023-02-13T14:25:54","date_gmt":"2023-02-13T16:38:06","guid":{"rendered":"https:\/\/www.triangleeditorial.com\/producto\/le-cami-de-cavalls\/"},"modified":"2024-03-12T23:47:37","modified_gmt":"2024-03-12T21:47:37","slug":"le-cami-de-cavalls","status":"publish","type":"product","link":"https:\/\/triangle.cat\/fr\/producto\/le-cami-de-cavalls\/","title":{"rendered":"Le Cam\u00ed de Cavalls"},"content":{"rendered":"","protected":false},"excerpt":{"rendered":"<p>Minorque, consid\u00e9r\u00e9e par l\u2019Unesco comme une R\u00e9serve de la Biosph\u00e8re, est un authentique joyau au c\u0153ur de la M\u00e9diterran\u00e9e dans laquelle ont \u00e9t\u00e9 conserv\u00e9es exceptionnellement bien les valeurs culturelles et naturelles. Gr\u00e2ce \u00e0 Sergi Lara, guide de montagne professionnel, vous pourrez parcourir, avec tout type d\u2019indications et de d\u00e9tails, les plus de 200 kilom\u00e8tres du GR 223, le Cam\u00ed de Cavalls historique qui fait le tour de toute l\u2019\u00eele de Minorque.<\/p>\n","protected":false},"featured_media":22129,"comment_status":"closed","ping_status":"closed","template":"","meta":{"_acf_changed":false,"_monsterinsights_skip_tracking":false,"_monsterinsights_sitenote_active":false,"_monsterinsights_sitenote_note":"","_monsterinsights_sitenote_category":0},"product_brand":[],"product_cat":[1528,1522],"product_tag":[990,1031,961,1000,1007,1032],"class_list":{"0":"post-26528","1":"product","2":"type-product","3":"status-publish","4":"has-post-thumbnail","6":"product_cat-iles-baleares","7":"product_cat-randonnee-et-velo","8":"product_tag-allemand-fr","9":"product_tag-anglais-fr","10":"product_tag-catalan-fr","11":"product_tag-espagnol-fr","12":"product_tag-francais-fr-2","13":"product_tag-italien","14":"pa_idioma-catalan-fr","15":"pa_idioma-deutsch-fr","16":"pa_idioma-english-fr","17":"pa_idioma-espanol-fr-2","18":"pa_idioma-francais-fr","19":"pa_idioma-italiano-fr","21":"first","22":"instock","23":"taxable","24":"shipping-taxable","25":"purchasable","26":"product-type-variable","27":"has-default-attributes"},"acf":[],"_links":{"self":[{"href":"https:\/\/triangle.cat\/fr\/wp-json\/wp\/v2\/product\/26528","targetHints":{"allow":["GET"]}}],"collection":[{"href":"https:\/\/triangle.cat\/fr\/wp-json\/wp\/v2\/product"}],"about":[{"href":"https:\/\/triangle.cat\/fr\/wp-json\/wp\/v2\/types\/product"}],"replies":[{"embeddable":true,"href":"https:\/\/triangle.cat\/fr\/wp-json\/wp\/v2\/comments?post=26528"}],"wp:featuredmedia":[{"embeddable":true,"href":"https:\/\/triangle.cat\/fr\/wp-json\/wp\/v2\/media\/22129"}],"wp:attachment":[{"href":"https:\/\/triangle.cat\/fr\/wp-json\/wp\/v2\/media?parent=26528"}],"wp:term":[{"taxonomy":"product_brand","embeddable":true,"href":"https:\/\/triangle.cat\/fr\/wp-json\/wp\/v2\/product_brand?post=26528"},{"taxonomy":"product_cat","embeddable":true,"href":"https:\/\/triangle.cat\/fr\/wp-json\/wp\/v2\/product_cat?post=26528"},{"taxonomy":"product_tag","embeddable":true,"href":"https:\/\/triangle.cat\/fr\/wp-json\/wp\/v2\/product_tag?post=26528"}],"curies":[{"name":"wp","href":"https:\/\/api.w.org\/{rel}","templated":true}]}}