
{"id":26520,"date":"2023-02-13T14:25:21","date_gmt":"2023-02-13T16:37:20","guid":{"rendered":"https:\/\/www.triangleeditorial.com\/producto\/costa-brava-4\/"},"modified":"2024-08-18T19:42:37","modified_gmt":"2024-08-18T17:42:37","slug":"costa-brava-4","status":"publish","type":"product","link":"https:\/\/triangle.cat\/fr\/producto\/costa-brava-4\/","title":{"rendered":"Costa Brava"},"content":{"rendered":"","protected":false},"excerpt":{"rendered":"<p>Voici un guide complet pour vous accompagner pendant votre s\u00e9jour sur la Costa Brava. Les villages en bord de mer avec leurs plages et leurs meilleures criques. Les parcs naturels, les mus\u00e9es, la gastronomie, etc. Des itin\u00e9raires th\u00e9matiques pour d\u00e9couvrir l\u2019art roman, le modernisme catalan, les villages m\u00e9di\u00e9vaux, la ville de G\u00e9rone et le triangle dalinien. Il comprend aussi une carte d\u00e9taill\u00e9e de la Costa Brava et de ses principales communes.<\/p>\n","protected":false},"featured_media":22117,"comment_status":"closed","ping_status":"closed","template":"","meta":{"_acf_changed":false,"_monsterinsights_skip_tracking":false,"_monsterinsights_sitenote_active":false,"_monsterinsights_sitenote_note":"","_monsterinsights_sitenote_category":0},"product_brand":[],"product_cat":[1504,1560,1512],"product_tag":[990,1031,961,1000,1007,1032,1088],"class_list":{"0":"post-26520","1":"product","2":"type-product","3":"status-publish","4":"has-post-thumbnail","6":"product_cat-catalogne","7":"product_cat-gerone-costa-brava","8":"product_cat-guide-carte","9":"product_tag-allemand-fr","10":"product_tag-anglais-fr","11":"product_tag-catalan-fr","12":"product_tag-espagnol-fr","13":"product_tag-francais-fr-2","14":"product_tag-italien","15":"product_tag-russe-fr","16":"pa_idioma-catalan-fr","17":"pa_idioma-deutsch-fr","18":"pa_idioma-english-fr","19":"pa_idioma-espanol-fr-2","20":"pa_idioma-francais-fr","21":"pa_idioma-italiano-fr","22":"pa_idioma--fr","24":"first","25":"instock","26":"taxable","27":"shipping-taxable","28":"purchasable","29":"product-type-variable","30":"has-default-attributes"},"acf":[],"_links":{"self":[{"href":"https:\/\/triangle.cat\/fr\/wp-json\/wp\/v2\/product\/26520","targetHints":{"allow":["GET"]}}],"collection":[{"href":"https:\/\/triangle.cat\/fr\/wp-json\/wp\/v2\/product"}],"about":[{"href":"https:\/\/triangle.cat\/fr\/wp-json\/wp\/v2\/types\/product"}],"replies":[{"embeddable":true,"href":"https:\/\/triangle.cat\/fr\/wp-json\/wp\/v2\/comments?post=26520"}],"wp:featuredmedia":[{"embeddable":true,"href":"https:\/\/triangle.cat\/fr\/wp-json\/wp\/v2\/media\/22117"}],"wp:attachment":[{"href":"https:\/\/triangle.cat\/fr\/wp-json\/wp\/v2\/media?parent=26520"}],"wp:term":[{"taxonomy":"product_brand","embeddable":true,"href":"https:\/\/triangle.cat\/fr\/wp-json\/wp\/v2\/product_brand?post=26520"},{"taxonomy":"product_cat","embeddable":true,"href":"https:\/\/triangle.cat\/fr\/wp-json\/wp\/v2\/product_cat?post=26520"},{"taxonomy":"product_tag","embeddable":true,"href":"https:\/\/triangle.cat\/fr\/wp-json\/wp\/v2\/product_tag?post=26520"}],"curies":[{"name":"wp","href":"https:\/\/api.w.org\/{rel}","templated":true}]}}