
{"id":26513,"date":"2023-02-13T14:24:49","date_gmt":"2023-02-13T16:36:36","guid":{"rendered":"https:\/\/www.triangleeditorial.com\/producto\/guide-de-cathedrale-de-barcelone\/"},"modified":"2023-02-13T16:37:21","modified_gmt":"2023-02-13T16:37:21","slug":"guide-de-cathedrale-de-barcelone","status":"publish","type":"product","link":"https:\/\/triangle.cat\/fr\/producto\/guide-de-cathedrale-de-barcelone\/","title":{"rendered":"Guide de Cath\u00e9drale de Barcelone"},"content":{"rendered":"","protected":false},"excerpt":{"rendered":"<p>Exemple paradigmatique du style gothique catalan, la cath\u00e9drale de Barcelone a \u00e9t\u00e9 principalement b\u00e2tie aux xive et xve si\u00e8cles. Par sa valeur patrimoniale tout comme par son poids dans l\u2019histoire de la ville et dans la foi des Barcelonais, elle a gard\u00e9 sa position privil\u00e9gi\u00e9e au sein du caract\u00e8re de la ville. Ses trois immenses nefs, entour\u00e9es de chapelles propices au recueillement et blotties entre ses contreforts, affichent la verticalit\u00e9 saisissante de l\u2019architecture gothique, qui se traduit \u00e0 l\u2019ext\u00e9rieur par sa fa\u00e7ade et ses pinacles.<\/p>\n","protected":false},"featured_media":22106,"comment_status":"closed","ping_status":"open","template":"","meta":{"_acf_changed":false,"_monsterinsights_skip_tracking":false,"_monsterinsights_sitenote_active":false,"_monsterinsights_sitenote_note":"","_monsterinsights_sitenote_category":0},"product_brand":[],"product_cat":[1536,1539,1500,1505],"product_tag":[990,1031,961,1000,1007,1032],"class_list":{"0":"post-26513","1":"product","2":"type-product","3":"status-publish","4":"has-post-thumbnail","6":"product_cat-art-architecture-fr","7":"product_cat-barcelone-fr","8":"product_cat-barcelone","9":"product_cat-collection-patrimonium","10":"product_tag-allemand-fr","11":"product_tag-anglais-fr","12":"product_tag-catalan-fr","13":"product_tag-espagnol-fr","14":"product_tag-francais-fr-2","15":"product_tag-italien","16":"pa_idioma-catalan-fr","17":"pa_idioma-deutsch-fr","18":"pa_idioma-english-fr","19":"pa_idioma-espanol-fr-2","20":"pa_idioma-francais-fr","21":"pa_idioma-italiano-fr","23":"first","24":"instock","25":"taxable","26":"shipping-taxable","27":"purchasable","28":"product-type-variable","29":"has-default-attributes"},"acf":[],"_links":{"self":[{"href":"https:\/\/triangle.cat\/fr\/wp-json\/wp\/v2\/product\/26513","targetHints":{"allow":["GET"]}}],"collection":[{"href":"https:\/\/triangle.cat\/fr\/wp-json\/wp\/v2\/product"}],"about":[{"href":"https:\/\/triangle.cat\/fr\/wp-json\/wp\/v2\/types\/product"}],"replies":[{"embeddable":true,"href":"https:\/\/triangle.cat\/fr\/wp-json\/wp\/v2\/comments?post=26513"}],"wp:featuredmedia":[{"embeddable":true,"href":"https:\/\/triangle.cat\/fr\/wp-json\/wp\/v2\/media\/22106"}],"wp:attachment":[{"href":"https:\/\/triangle.cat\/fr\/wp-json\/wp\/v2\/media?parent=26513"}],"wp:term":[{"taxonomy":"product_brand","embeddable":true,"href":"https:\/\/triangle.cat\/fr\/wp-json\/wp\/v2\/product_brand?post=26513"},{"taxonomy":"product_cat","embeddable":true,"href":"https:\/\/triangle.cat\/fr\/wp-json\/wp\/v2\/product_cat?post=26513"},{"taxonomy":"product_tag","embeddable":true,"href":"https:\/\/triangle.cat\/fr\/wp-json\/wp\/v2\/product_tag?post=26513"}],"curies":[{"name":"wp","href":"https:\/\/api.w.org\/{rel}","templated":true}]}}