
{"id":26504,"date":"2023-02-13T14:24:08","date_gmt":"2023-02-13T16:35:40","guid":{"rendered":"https:\/\/www.triangleeditorial.com\/producto\/barcelone-5\/"},"modified":"2025-01-25T13:48:14","modified_gmt":"2025-01-25T11:48:14","slug":"barcelone-5","status":"publish","type":"product","link":"https:\/\/triangle.cat\/fr\/producto\/barcelone-5\/","title":{"rendered":"Barcelone"},"content":{"rendered":"","protected":false},"excerpt":{"rendered":"<p>Barcelone est la capitale de la M\u00e9diterran\u00e9e. Pour s\u2019y orienter, rien de mieux que ce guide, dont les plans et les informations pratiques aident \u00e0 d\u00e9couvrir l\u2019ambiance cosmopolite ou la couleur locale de ses quartiers. Le guide vous permettra de d\u00e9couvrir les \u0153uvres de Gaud\u00ed, Picasso, Mir\u00f3 ou T\u00e0pies\u00a0; il vous recommandera les meilleures plages, les jardins et les mus\u00e9es les plus int\u00e9ressants\u00a0; il vous informera quant \u00e0 l\u2019offre gastronomique, commerciale, th\u00e9\u00e2trale, musicale, sportive et festive. Tout cela de mani\u00e8re facile et compr\u00e9hensible.<\/p>\n","protected":false},"featured_media":41485,"comment_status":"closed","ping_status":"closed","template":"","meta":{"_acf_changed":false,"_monsterinsights_skip_tracking":false,"_monsterinsights_sitenote_active":false,"_monsterinsights_sitenote_note":"","_monsterinsights_sitenote_category":0},"product_brand":[],"product_cat":[1539,1500],"product_tag":[990,1031,961,1000,1007,1032,1094,1088],"class_list":{"0":"post-26504","1":"product","2":"type-product","3":"status-publish","4":"has-post-thumbnail","6":"product_cat-barcelone-fr","7":"product_cat-barcelone","8":"product_tag-allemand-fr","9":"product_tag-anglais-fr","10":"product_tag-catalan-fr","11":"product_tag-espagnol-fr","12":"product_tag-francais-fr-2","13":"product_tag-italien","14":"product_tag-japonais-fr","15":"product_tag-russe-fr","16":"pa_idioma-catalan-fr","17":"pa_idioma-deutsch-fr","18":"pa_idioma-english-fr","19":"pa_idioma-espanol-fr-2","20":"pa_idioma-francais-fr","21":"pa_idioma-italiano-fr","22":"pa_idioma--fr","25":"first","26":"instock","27":"taxable","28":"shipping-taxable","29":"purchasable","30":"product-type-variable","31":"has-default-attributes"},"acf":[],"_links":{"self":[{"href":"https:\/\/triangle.cat\/fr\/wp-json\/wp\/v2\/product\/26504","targetHints":{"allow":["GET"]}}],"collection":[{"href":"https:\/\/triangle.cat\/fr\/wp-json\/wp\/v2\/product"}],"about":[{"href":"https:\/\/triangle.cat\/fr\/wp-json\/wp\/v2\/types\/product"}],"replies":[{"embeddable":true,"href":"https:\/\/triangle.cat\/fr\/wp-json\/wp\/v2\/comments?post=26504"}],"wp:featuredmedia":[{"embeddable":true,"href":"https:\/\/triangle.cat\/fr\/wp-json\/wp\/v2\/media\/41485"}],"wp:attachment":[{"href":"https:\/\/triangle.cat\/fr\/wp-json\/wp\/v2\/media?parent=26504"}],"wp:term":[{"taxonomy":"product_brand","embeddable":true,"href":"https:\/\/triangle.cat\/fr\/wp-json\/wp\/v2\/product_brand?post=26504"},{"taxonomy":"product_cat","embeddable":true,"href":"https:\/\/triangle.cat\/fr\/wp-json\/wp\/v2\/product_cat?post=26504"},{"taxonomy":"product_tag","embeddable":true,"href":"https:\/\/triangle.cat\/fr\/wp-json\/wp\/v2\/product_tag?post=26504"}],"curies":[{"name":"wp","href":"https:\/\/api.w.org\/{rel}","templated":true}]}}