
{"id":26495,"date":"2023-02-13T14:21:42","date_gmt":"2023-02-13T16:32:59","guid":{"rendered":"https:\/\/www.triangleeditorial.com\/producto\/cabo-de-gata-nijar\/"},"modified":"2023-02-13T16:33:29","modified_gmt":"2023-02-13T16:33:29","slug":"cabo-de-gata-nijar","status":"publish","type":"product","link":"https:\/\/triangle.cat\/fr\/producto\/cabo-de-gata-nijar\/","title":{"rendered":"Cabo de Gata-Nijar"},"content":{"rendered":"","protected":false},"excerpt":{"rendered":"<p>Guide pratique des plages, des parcs, des monuments, de l\u2019architecture musulmane, des mus\u00e9es, des f\u00eates et des logements. Il comprend aussi des propositions d\u2019itin\u00e9raires dans les diff\u00e9rents quartiers d\u2019Almer\u00eda ainsi que des routes et des cartes d\u00e9taill\u00e9es.<\/p>\n","protected":false},"featured_media":22084,"comment_status":"closed","ping_status":"closed","template":"","meta":{"_acf_changed":false,"_monsterinsights_skip_tracking":false,"_monsterinsights_sitenote_active":false,"_monsterinsights_sitenote_note":"","_monsterinsights_sitenote_category":0},"product_brand":[],"product_cat":[1494,1533,1512],"product_tag":[990,1031,1000,1007],"class_list":{"0":"post-26495","1":"product","2":"type-product","3":"status-publish","4":"has-post-thumbnail","6":"product_cat-andalousie","7":"product_cat-andalousie-fr","8":"product_cat-guide-carte","9":"product_tag-allemand-fr","10":"product_tag-anglais-fr","11":"product_tag-espagnol-fr","12":"product_tag-francais-fr-2","13":"pa_idioma-deutsch-fr","14":"pa_idioma-english-fr","15":"pa_idioma-espanol-fr-2","16":"pa_idioma-francais-fr","18":"first","19":"instock","20":"taxable","21":"shipping-taxable","22":"purchasable","23":"product-type-variable","24":"has-default-attributes"},"acf":[],"_links":{"self":[{"href":"https:\/\/triangle.cat\/fr\/wp-json\/wp\/v2\/product\/26495","targetHints":{"allow":["GET"]}}],"collection":[{"href":"https:\/\/triangle.cat\/fr\/wp-json\/wp\/v2\/product"}],"about":[{"href":"https:\/\/triangle.cat\/fr\/wp-json\/wp\/v2\/types\/product"}],"replies":[{"embeddable":true,"href":"https:\/\/triangle.cat\/fr\/wp-json\/wp\/v2\/comments?post=26495"}],"wp:featuredmedia":[{"embeddable":true,"href":"https:\/\/triangle.cat\/fr\/wp-json\/wp\/v2\/media\/22084"}],"wp:attachment":[{"href":"https:\/\/triangle.cat\/fr\/wp-json\/wp\/v2\/media?parent=26495"}],"wp:term":[{"taxonomy":"product_brand","embeddable":true,"href":"https:\/\/triangle.cat\/fr\/wp-json\/wp\/v2\/product_brand?post=26495"},{"taxonomy":"product_cat","embeddable":true,"href":"https:\/\/triangle.cat\/fr\/wp-json\/wp\/v2\/product_cat?post=26495"},{"taxonomy":"product_tag","embeddable":true,"href":"https:\/\/triangle.cat\/fr\/wp-json\/wp\/v2\/product_tag?post=26495"}],"curies":[{"name":"wp","href":"https:\/\/api.w.org\/{rel}","templated":true}]}}